{"id":18058,"date":"2024-04-25T15:36:56","date_gmt":"2024-04-25T12:36:56","guid":{"rendered":"https:\/\/kodulehed.ir.ee\/mikk\/mainpage\/"},"modified":"2024-04-25T15:37:13","modified_gmt":"2024-04-25T12:37:13","slug":"mainpage","status":"publish","type":"page","link":"https:\/\/kodulehed.ir.ee\/martha_naidised2\/","title":{"rendered":"Mainpage"},"content":{"rendered":"","protected":false},"excerpt":{"rendered":"","protected":false},"author":10,"featured_media":0,"parent":0,"menu_order":0,"comment_status":"closed","ping_status":"closed","template":"page-templates\/page-blank.php","meta":{"footnotes":""},"class_list":["post-18058","page","type-page","status-publish","hentry"],"yoast_head":"<!-- This site is optimized with the Yoast SEO plugin v27.3 - https:\/\/yoast.com\/product\/yoast-seo-wordpress\/ -->\n<title>Kvaliteetne ehitus - tuleviku kodu alus! - CLAUSTRUM O\u00dc<\/title>\n<meta name=\"description\" content=\"Meie oleme \u00fcldehitusega tegelev ettev\u00f5te, kelle eesm\u00e4rgiks on pakkuda klientidele parimat v\u00f5imalikku teenust. Oleme spetsialiseerunud kvaliteetse ja vastupidava ehitust\u00f6\u00f6 teostamisele, mis vastab kliendi soovidele ja vajadustele.\" \/>\n<meta name=\"robots\" content=\"index, follow, max-snippet:-1, max-image-preview:large, max-video-preview:-1\" \/>\n<link rel=\"canonical\" href=\"https:\/\/kodulehed.ir.ee\/martha_naidised2\/\" \/>\n<meta property=\"og:locale\" content=\"et_EE\" \/>\n<meta property=\"og:type\" content=\"article\" \/>\n<meta property=\"og:title\" content=\"Kvaliteetne ehitus - tuleviku kodu alus! - CLAUSTRUM O\u00dc\" \/>\n<meta property=\"og:description\" content=\"Meie oleme \u00fcldehitusega tegelev ettev\u00f5te, kelle eesm\u00e4rgiks on pakkuda klientidele parimat v\u00f5imalikku teenust. Oleme spetsialiseerunud kvaliteetse ja vastupidava ehitust\u00f6\u00f6 teostamisele, mis vastab kliendi soovidele ja vajadustele.\" \/>\n<meta property=\"og:url\" content=\"https:\/\/kodulehed.ir.ee\/martha_naidised2\/\" \/>\n<meta property=\"og:site_name\" content=\"CLAUSTRUM O\u00dc\" \/>\n<meta property=\"article:modified_time\" content=\"2024-04-25T12:37:13+00:00\" \/>\n<meta property=\"og:image\" content=\"https:\/\/static.ssb.ee\/images\/companies\/16517515_claustrum-ou_23389326_irxl.jpg\" \/>\n<meta name=\"twitter:card\" content=\"summary_large_image\" \/>\n<script type=\"application\/ld+json\" class=\"yoast-schema-graph\">{\"@context\":\"https:\\\/\\\/schema.org\",\"@graph\":[{\"@type\":\"WebPage\",\"@id\":\"https:\\\/\\\/kodulehed.ir.ee\\\/martha_naidised2\\\/\",\"url\":\"https:\\\/\\\/kodulehed.ir.ee\\\/martha_naidised2\\\/\",\"name\":\"Kvaliteetne ehitus - tuleviku kodu alus! - CLAUSTRUM O\u00dc\",\"isPartOf\":{\"@id\":\"https:\\\/\\\/kodulehed.ir.ee\\\/martha_naidised2\\\/#website\"},\"datePublished\":\"2024-04-25T12:36:56+00:00\",\"dateModified\":\"2024-04-25T12:37:13+00:00\",\"description\":\"Meie oleme \u00fcldehitusega tegelev ettev\u00f5te, kelle eesm\u00e4rgiks on pakkuda klientidele parimat v\u00f5imalikku teenust. Oleme spetsialiseerunud kvaliteetse ja vastupidava ehitust\u00f6\u00f6 teostamisele, mis vastab kliendi soovidele ja vajadustele.\",\"breadcrumb\":{\"@id\":\"https:\\\/\\\/kodulehed.ir.ee\\\/martha_naidised2\\\/#breadcrumb\"},\"inLanguage\":\"et\",\"potentialAction\":[{\"@type\":\"ReadAction\",\"target\":[\"https:\\\/\\\/kodulehed.ir.ee\\\/martha_naidised2\\\/\"]}]},{\"@type\":\"BreadcrumbList\",\"@id\":\"https:\\\/\\\/kodulehed.ir.ee\\\/martha_naidised2\\\/#breadcrumb\",\"itemListElement\":[{\"@type\":\"ListItem\",\"position\":1,\"name\":\"Avaleht\",\"item\":\"https:\\\/\\\/kodulehed.ir.ee\\\/martha_naidised2\\\/\"},{\"@type\":\"ListItem\",\"position\":2,\"name\":\"Mainpage\"}]},{\"@type\":\"WebSite\",\"@id\":\"https:\\\/\\\/kodulehed.ir.ee\\\/martha_naidised2\\\/#website\",\"url\":\"https:\\\/\\\/kodulehed.ir.ee\\\/martha_naidised2\\\/\",\"name\":\"Teema0\",\"description\":\"Kvaliteetne ehitus - tuleviku kodu alus!\",\"publisher\":{\"@id\":\"https:\\\/\\\/kodulehed.ir.ee\\\/martha_naidised2\\\/#organization\"},\"potentialAction\":[{\"@type\":\"SearchAction\",\"target\":{\"@type\":\"EntryPoint\",\"urlTemplate\":\"https:\\\/\\\/kodulehed.ir.ee\\\/martha_naidised2\\\/?s={search_term_string}\"},\"query-input\":{\"@type\":\"PropertyValueSpecification\",\"valueRequired\":true,\"valueName\":\"search_term_string\"}}],\"inLanguage\":\"et\"},{\"@type\":\"Organization\",\"@id\":\"https:\\\/\\\/kodulehed.ir.ee\\\/martha_naidised2\\\/#organization\",\"name\":\"IMA O\u00dc\",\"url\":\"https:\\\/\\\/kodulehed.ir.ee\\\/martha_naidised2\\\/\",\"logo\":{\"@type\":\"ImageObject\",\"inLanguage\":\"et\",\"@id\":\"https:\\\/\\\/kodulehed.ir.ee\\\/martha_naidised2\\\/#\\\/schema\\\/logo\\\/image\\\/\",\"url\":\"https:\\\/\\\/kodulehed.ir.ee\\\/martha_naidised2\\\/wp-content\\\/uploads\\\/2025\\\/07\\\/16517515_CLAUSTRUM-OU_99943731_a_m.png\",\"contentUrl\":\"https:\\\/\\\/kodulehed.ir.ee\\\/martha_naidised2\\\/wp-content\\\/uploads\\\/2025\\\/07\\\/16517515_CLAUSTRUM-OU_99943731_a_m.png\",\"width\":243,\"height\":243,\"caption\":\"IMA O\u00dc\"},\"image\":{\"@id\":\"https:\\\/\\\/kodulehed.ir.ee\\\/martha_naidised2\\\/#\\\/schema\\\/logo\\\/image\\\/\"}}]}<\/script>\n<!-- \/ Yoast SEO plugin. -->","yoast_head_json":{"title":"Kvaliteetne ehitus - tuleviku kodu alus! - CLAUSTRUM O\u00dc","description":"Meie oleme \u00fcldehitusega tegelev ettev\u00f5te, kelle eesm\u00e4rgiks on pakkuda klientidele parimat v\u00f5imalikku teenust. Oleme spetsialiseerunud kvaliteetse ja vastupidava ehitust\u00f6\u00f6 teostamisele, mis vastab kliendi soovidele ja vajadustele.","robots":{"index":"index","follow":"follow","max-snippet":"max-snippet:-1","max-image-preview":"max-image-preview:large","max-video-preview":"max-video-preview:-1"},"canonical":"https:\/\/kodulehed.ir.ee\/martha_naidised2\/","og_locale":"et_EE","og_type":"article","og_title":"Kvaliteetne ehitus - tuleviku kodu alus! - CLAUSTRUM O\u00dc","og_description":"Meie oleme \u00fcldehitusega tegelev ettev\u00f5te, kelle eesm\u00e4rgiks on pakkuda klientidele parimat v\u00f5imalikku teenust. Oleme spetsialiseerunud kvaliteetse ja vastupidava ehitust\u00f6\u00f6 teostamisele, mis vastab kliendi soovidele ja vajadustele.","og_url":"https:\/\/kodulehed.ir.ee\/martha_naidised2\/","og_site_name":"CLAUSTRUM O\u00dc","article_modified_time":"2024-04-25T12:37:13+00:00","og_image":[{"url":"https:\/\/static.ssb.ee\/images\/companies\/16517515_claustrum-ou_23389326_irxl.jpg","type":"","width":"","height":""}],"twitter_card":"summary_large_image","schema":{"@context":"https:\/\/schema.org","@graph":[{"@type":"WebPage","@id":"https:\/\/kodulehed.ir.ee\/martha_naidised2\/","url":"https:\/\/kodulehed.ir.ee\/martha_naidised2\/","name":"Kvaliteetne ehitus - tuleviku kodu alus! - CLAUSTRUM O\u00dc","isPartOf":{"@id":"https:\/\/kodulehed.ir.ee\/martha_naidised2\/#website"},"datePublished":"2024-04-25T12:36:56+00:00","dateModified":"2024-04-25T12:37:13+00:00","description":"Meie oleme \u00fcldehitusega tegelev ettev\u00f5te, kelle eesm\u00e4rgiks on pakkuda klientidele parimat v\u00f5imalikku teenust. Oleme spetsialiseerunud kvaliteetse ja vastupidava ehitust\u00f6\u00f6 teostamisele, mis vastab kliendi soovidele ja vajadustele.","breadcrumb":{"@id":"https:\/\/kodulehed.ir.ee\/martha_naidised2\/#breadcrumb"},"inLanguage":"et","potentialAction":[{"@type":"ReadAction","target":["https:\/\/kodulehed.ir.ee\/martha_naidised2\/"]}]},{"@type":"BreadcrumbList","@id":"https:\/\/kodulehed.ir.ee\/martha_naidised2\/#breadcrumb","itemListElement":[{"@type":"ListItem","position":1,"name":"Avaleht","item":"https:\/\/kodulehed.ir.ee\/martha_naidised2\/"},{"@type":"ListItem","position":2,"name":"Mainpage"}]},{"@type":"WebSite","@id":"https:\/\/kodulehed.ir.ee\/martha_naidised2\/#website","url":"https:\/\/kodulehed.ir.ee\/martha_naidised2\/","name":"Teema0","description":"Kvaliteetne ehitus - tuleviku kodu alus!","publisher":{"@id":"https:\/\/kodulehed.ir.ee\/martha_naidised2\/#organization"},"potentialAction":[{"@type":"SearchAction","target":{"@type":"EntryPoint","urlTemplate":"https:\/\/kodulehed.ir.ee\/martha_naidised2\/?s={search_term_string}"},"query-input":{"@type":"PropertyValueSpecification","valueRequired":true,"valueName":"search_term_string"}}],"inLanguage":"et"},{"@type":"Organization","@id":"https:\/\/kodulehed.ir.ee\/martha_naidised2\/#organization","name":"IMA O\u00dc","url":"https:\/\/kodulehed.ir.ee\/martha_naidised2\/","logo":{"@type":"ImageObject","inLanguage":"et","@id":"https:\/\/kodulehed.ir.ee\/martha_naidised2\/#\/schema\/logo\/image\/","url":"https:\/\/kodulehed.ir.ee\/martha_naidised2\/wp-content\/uploads\/2025\/07\/16517515_CLAUSTRUM-OU_99943731_a_m.png","contentUrl":"https:\/\/kodulehed.ir.ee\/martha_naidised2\/wp-content\/uploads\/2025\/07\/16517515_CLAUSTRUM-OU_99943731_a_m.png","width":243,"height":243,"caption":"IMA O\u00dc"},"image":{"@id":"https:\/\/kodulehed.ir.ee\/martha_naidised2\/#\/schema\/logo\/image\/"}}]}},"_links":{"self":[{"href":"https:\/\/kodulehed.ir.ee\/martha_naidised2\/wp-json\/wp\/v2\/pages\/18058","targetHints":{"allow":["GET"]}}],"collection":[{"href":"https:\/\/kodulehed.ir.ee\/martha_naidised2\/wp-json\/wp\/v2\/pages"}],"about":[{"href":"https:\/\/kodulehed.ir.ee\/martha_naidised2\/wp-json\/wp\/v2\/types\/page"}],"author":[{"embeddable":true,"href":"https:\/\/kodulehed.ir.ee\/martha_naidised2\/wp-json\/wp\/v2\/users\/10"}],"replies":[{"embeddable":true,"href":"https:\/\/kodulehed.ir.ee\/martha_naidised2\/wp-json\/wp\/v2\/comments?post=18058"}],"version-history":[{"count":1,"href":"https:\/\/kodulehed.ir.ee\/martha_naidised2\/wp-json\/wp\/v2\/pages\/18058\/revisions"}],"predecessor-version":[{"id":18059,"href":"https:\/\/kodulehed.ir.ee\/martha_naidised2\/wp-json\/wp\/v2\/pages\/18058\/revisions\/18059"}],"wp:attachment":[{"href":"https:\/\/kodulehed.ir.ee\/martha_naidised2\/wp-json\/wp\/v2\/media?parent=18058"}],"curies":[{"name":"wp","href":"https:\/\/api.w.org\/{rel}","templated":true}]}}