{"id":18058,"date":"2024-04-25T15:36:56","date_gmt":"2024-04-25T12:36:56","guid":{"rendered":"https:\/\/kodulehed.ir.ee\/mikk\/mainpage\/"},"modified":"2024-04-25T15:37:13","modified_gmt":"2024-04-25T12:37:13","slug":"mainpage","status":"publish","type":"page","link":"https:\/\/kodulehed.ir.ee\/kristiine_naidised4\/","title":{"rendered":"Mainpage"},"content":{"rendered":"","protected":false},"excerpt":{"rendered":"","protected":false},"author":10,"featured_media":0,"parent":0,"menu_order":0,"comment_status":"closed","ping_status":"closed","template":"page-templates\/page-blank.php","meta":{"footnotes":""},"class_list":["post-18058","page","type-page","status-publish","hentry"],"yoast_head":"<!-- This site is optimized with the Yoast SEO plugin v27.3 - https:\/\/yoast.com\/product\/yoast-seo-wordpress\/ -->\n<title>Looge oma unistuste kodu meie abiga! - FAALOM O\u00dc<\/title>\n<meta name=\"description\" content=\"Pakume tipptasemel maalrit\u00f6\u00f6d, krohvimist\u00f6\u00f6d, terasside ehitust, eramajade ehitust\u00f6\u00f6d ja elamuehitust vundamendist v\u00f5tmeteni.\" \/>\n<meta name=\"robots\" content=\"index, follow, max-snippet:-1, max-image-preview:large, max-video-preview:-1\" \/>\n<link rel=\"canonical\" href=\"https:\/\/kodulehed.ir.ee\/kristiine_naidised4\/\" \/>\n<meta property=\"og:locale\" content=\"et_EE\" \/>\n<meta property=\"og:type\" content=\"article\" \/>\n<meta property=\"og:title\" content=\"Looge oma unistuste kodu meie abiga! - FAALOM O\u00dc\" \/>\n<meta property=\"og:description\" content=\"Pakume tipptasemel maalrit\u00f6\u00f6d, krohvimist\u00f6\u00f6d, terasside ehitust, eramajade ehitust\u00f6\u00f6d ja elamuehitust vundamendist v\u00f5tmeteni.\" \/>\n<meta property=\"og:url\" content=\"https:\/\/kodulehed.ir.ee\/kristiine_naidised4\/\" \/>\n<meta property=\"og:site_name\" content=\"FAALOM O\u00dc\" \/>\n<meta property=\"article:modified_time\" content=\"2024-04-25T12:37:13+00:00\" \/>\n<meta property=\"og:image\" content=\"https:\/\/static.ssb.ee\/images\/companies\/16226309_faalom-ou_74319251_irxl.jpg\" \/>\n<meta name=\"twitter:card\" content=\"summary_large_image\" \/>\n<script type=\"application\/ld+json\" class=\"yoast-schema-graph\">{\"@context\":\"https:\\\/\\\/schema.org\",\"@graph\":[{\"@type\":\"WebPage\",\"@id\":\"https:\\\/\\\/kodulehed.ir.ee\\\/kristiine_naidised4\\\/\",\"url\":\"https:\\\/\\\/kodulehed.ir.ee\\\/kristiine_naidised4\\\/\",\"name\":\"Looge oma unistuste kodu meie abiga! - FAALOM O\u00dc\",\"isPartOf\":{\"@id\":\"https:\\\/\\\/kodulehed.ir.ee\\\/kristiine_naidised4\\\/#website\"},\"datePublished\":\"2024-04-25T12:36:56+00:00\",\"dateModified\":\"2024-04-25T12:37:13+00:00\",\"description\":\"Pakume tipptasemel maalrit\u00f6\u00f6d, krohvimist\u00f6\u00f6d, terasside ehitust, eramajade ehitust\u00f6\u00f6d ja elamuehitust vundamendist v\u00f5tmeteni.\",\"breadcrumb\":{\"@id\":\"https:\\\/\\\/kodulehed.ir.ee\\\/kristiine_naidised4\\\/#breadcrumb\"},\"inLanguage\":\"et\",\"potentialAction\":[{\"@type\":\"ReadAction\",\"target\":[\"https:\\\/\\\/kodulehed.ir.ee\\\/kristiine_naidised4\\\/\"]}]},{\"@type\":\"BreadcrumbList\",\"@id\":\"https:\\\/\\\/kodulehed.ir.ee\\\/kristiine_naidised4\\\/#breadcrumb\",\"itemListElement\":[{\"@type\":\"ListItem\",\"position\":1,\"name\":\"Avaleht\",\"item\":\"https:\\\/\\\/kodulehed.ir.ee\\\/kristiine_naidised4\\\/\"},{\"@type\":\"ListItem\",\"position\":2,\"name\":\"Mainpage\"}]},{\"@type\":\"WebSite\",\"@id\":\"https:\\\/\\\/kodulehed.ir.ee\\\/kristiine_naidised4\\\/#website\",\"url\":\"https:\\\/\\\/kodulehed.ir.ee\\\/kristiine_naidised4\\\/\",\"name\":\"Teema0\",\"description\":\"Looge oma unistuste kodu meie abiga!\",\"publisher\":{\"@id\":\"https:\\\/\\\/kodulehed.ir.ee\\\/kristiine_naidised4\\\/#organization\"},\"potentialAction\":[{\"@type\":\"SearchAction\",\"target\":{\"@type\":\"EntryPoint\",\"urlTemplate\":\"https:\\\/\\\/kodulehed.ir.ee\\\/kristiine_naidised4\\\/?s={search_term_string}\"},\"query-input\":{\"@type\":\"PropertyValueSpecification\",\"valueRequired\":true,\"valueName\":\"search_term_string\"}}],\"inLanguage\":\"et\"},{\"@type\":\"Organization\",\"@id\":\"https:\\\/\\\/kodulehed.ir.ee\\\/kristiine_naidised4\\\/#organization\",\"name\":\"IMA O\u00dc\",\"url\":\"https:\\\/\\\/kodulehed.ir.ee\\\/kristiine_naidised4\\\/\",\"logo\":{\"@type\":\"ImageObject\",\"inLanguage\":\"et\",\"@id\":\"https:\\\/\\\/kodulehed.ir.ee\\\/kristiine_naidised4\\\/#\\\/schema\\\/logo\\\/image\\\/\",\"url\":\"https:\\\/\\\/kodulehed.ir.ee\\\/kristiine_naidised4\\\/wp-content\\\/uploads\\\/2026\\\/01\\\/16226309_FAALOM-OU_70434110_a_m.png\",\"contentUrl\":\"https:\\\/\\\/kodulehed.ir.ee\\\/kristiine_naidised4\\\/wp-content\\\/uploads\\\/2026\\\/01\\\/16226309_FAALOM-OU_70434110_a_m.png\",\"width\":178,\"height\":178,\"caption\":\"IMA O\u00dc\"},\"image\":{\"@id\":\"https:\\\/\\\/kodulehed.ir.ee\\\/kristiine_naidised4\\\/#\\\/schema\\\/logo\\\/image\\\/\"}}]}<\/script>\n<!-- \/ Yoast SEO plugin. -->","yoast_head_json":{"title":"Looge oma unistuste kodu meie abiga! - FAALOM O\u00dc","description":"Pakume tipptasemel maalrit\u00f6\u00f6d, krohvimist\u00f6\u00f6d, terasside ehitust, eramajade ehitust\u00f6\u00f6d ja elamuehitust vundamendist v\u00f5tmeteni.","robots":{"index":"index","follow":"follow","max-snippet":"max-snippet:-1","max-image-preview":"max-image-preview:large","max-video-preview":"max-video-preview:-1"},"canonical":"https:\/\/kodulehed.ir.ee\/kristiine_naidised4\/","og_locale":"et_EE","og_type":"article","og_title":"Looge oma unistuste kodu meie abiga! - FAALOM O\u00dc","og_description":"Pakume tipptasemel maalrit\u00f6\u00f6d, krohvimist\u00f6\u00f6d, terasside ehitust, eramajade ehitust\u00f6\u00f6d ja elamuehitust vundamendist v\u00f5tmeteni.","og_url":"https:\/\/kodulehed.ir.ee\/kristiine_naidised4\/","og_site_name":"FAALOM O\u00dc","article_modified_time":"2024-04-25T12:37:13+00:00","og_image":[{"url":"https:\/\/static.ssb.ee\/images\/companies\/16226309_faalom-ou_74319251_irxl.jpg","type":"","width":"","height":""}],"twitter_card":"summary_large_image","schema":{"@context":"https:\/\/schema.org","@graph":[{"@type":"WebPage","@id":"https:\/\/kodulehed.ir.ee\/kristiine_naidised4\/","url":"https:\/\/kodulehed.ir.ee\/kristiine_naidised4\/","name":"Looge oma unistuste kodu meie abiga! - FAALOM O\u00dc","isPartOf":{"@id":"https:\/\/kodulehed.ir.ee\/kristiine_naidised4\/#website"},"datePublished":"2024-04-25T12:36:56+00:00","dateModified":"2024-04-25T12:37:13+00:00","description":"Pakume tipptasemel maalrit\u00f6\u00f6d, krohvimist\u00f6\u00f6d, terasside ehitust, eramajade ehitust\u00f6\u00f6d ja elamuehitust vundamendist v\u00f5tmeteni.","breadcrumb":{"@id":"https:\/\/kodulehed.ir.ee\/kristiine_naidised4\/#breadcrumb"},"inLanguage":"et","potentialAction":[{"@type":"ReadAction","target":["https:\/\/kodulehed.ir.ee\/kristiine_naidised4\/"]}]},{"@type":"BreadcrumbList","@id":"https:\/\/kodulehed.ir.ee\/kristiine_naidised4\/#breadcrumb","itemListElement":[{"@type":"ListItem","position":1,"name":"Avaleht","item":"https:\/\/kodulehed.ir.ee\/kristiine_naidised4\/"},{"@type":"ListItem","position":2,"name":"Mainpage"}]},{"@type":"WebSite","@id":"https:\/\/kodulehed.ir.ee\/kristiine_naidised4\/#website","url":"https:\/\/kodulehed.ir.ee\/kristiine_naidised4\/","name":"Teema0","description":"Looge oma unistuste kodu meie abiga!","publisher":{"@id":"https:\/\/kodulehed.ir.ee\/kristiine_naidised4\/#organization"},"potentialAction":[{"@type":"SearchAction","target":{"@type":"EntryPoint","urlTemplate":"https:\/\/kodulehed.ir.ee\/kristiine_naidised4\/?s={search_term_string}"},"query-input":{"@type":"PropertyValueSpecification","valueRequired":true,"valueName":"search_term_string"}}],"inLanguage":"et"},{"@type":"Organization","@id":"https:\/\/kodulehed.ir.ee\/kristiine_naidised4\/#organization","name":"IMA O\u00dc","url":"https:\/\/kodulehed.ir.ee\/kristiine_naidised4\/","logo":{"@type":"ImageObject","inLanguage":"et","@id":"https:\/\/kodulehed.ir.ee\/kristiine_naidised4\/#\/schema\/logo\/image\/","url":"https:\/\/kodulehed.ir.ee\/kristiine_naidised4\/wp-content\/uploads\/2026\/01\/16226309_FAALOM-OU_70434110_a_m.png","contentUrl":"https:\/\/kodulehed.ir.ee\/kristiine_naidised4\/wp-content\/uploads\/2026\/01\/16226309_FAALOM-OU_70434110_a_m.png","width":178,"height":178,"caption":"IMA O\u00dc"},"image":{"@id":"https:\/\/kodulehed.ir.ee\/kristiine_naidised4\/#\/schema\/logo\/image\/"}}]}},"_links":{"self":[{"href":"https:\/\/kodulehed.ir.ee\/kristiine_naidised4\/wp-json\/wp\/v2\/pages\/18058","targetHints":{"allow":["GET"]}}],"collection":[{"href":"https:\/\/kodulehed.ir.ee\/kristiine_naidised4\/wp-json\/wp\/v2\/pages"}],"about":[{"href":"https:\/\/kodulehed.ir.ee\/kristiine_naidised4\/wp-json\/wp\/v2\/types\/page"}],"author":[{"embeddable":true,"href":"https:\/\/kodulehed.ir.ee\/kristiine_naidised4\/wp-json\/wp\/v2\/users\/10"}],"replies":[{"embeddable":true,"href":"https:\/\/kodulehed.ir.ee\/kristiine_naidised4\/wp-json\/wp\/v2\/comments?post=18058"}],"version-history":[{"count":1,"href":"https:\/\/kodulehed.ir.ee\/kristiine_naidised4\/wp-json\/wp\/v2\/pages\/18058\/revisions"}],"predecessor-version":[{"id":18059,"href":"https:\/\/kodulehed.ir.ee\/kristiine_naidised4\/wp-json\/wp\/v2\/pages\/18058\/revisions\/18059"}],"wp:attachment":[{"href":"https:\/\/kodulehed.ir.ee\/kristiine_naidised4\/wp-json\/wp\/v2\/media?parent=18058"}],"curies":[{"name":"wp","href":"https:\/\/api.w.org\/{rel}","templated":true}]}}