{"id":33,"date":"2026-03-20T09:38:44","date_gmt":"2026-03-20T09:38:44","guid":{"rendered":"https:\/\/kodulehed.ir.ee\/elegant1\/?page_id=33"},"modified":"2026-03-20T09:38:44","modified_gmt":"2026-03-20T09:38:44","slug":"kontakt","status":"publish","type":"page","link":"https:\/\/kodulehed.ir.ee\/elegant1\/index.php\/kontakt\/","title":{"rendered":"Kontakt"},"content":{"rendered":"<div class=\"et_pb_section_0 et_pb_section et_section_specialty et_pb_gutters3 et_block_section\"><div class=\"et_pb_row et_block_row\"><div class=\"et_pb_column_0 et_pb_column et_pb_column_single et_pb_column_1_2 et_block_column et_pb_css_mix_blend_mode_passthrough preset--module--divi-column--73121f80-a3ef-4484-8763-c3f18e3c56d2\"><div class=\"et_pb_heading_0 et_pb_heading et_pb_module et_flex_module preset--module--divi-heading--ddeb8c09-9078-4424-bc15-2efb6572e28e\"><div class=\"et_pb_heading_container\"><h1 class=\"et_pb_module_header\">Kohandatud lahendused Teie kaevet\u00f6\u00f6deks<\/h1><\/div><\/div><div class=\"et_pb_text_0 et_pb_text et_pb_bg_layout_light et_pb_module et_flex_module preset--module--divi-text--0504de1e-f5ff-4281-ba60-cbbe4edf98bc\"><div class=\"et_pb_text_inner\"><p>Otsite usaldusv\u00e4\u00e4rset partnerit kaevet\u00f6\u00f6deks ja ehitusprojektideks? Meie meeskond on siin, et pakkuda parimaid lahendusi Teie vajadustele.<\/p>\n<\/div><\/div><div class=\"et_pb_module et_pb_button_module_wrapper et_pb_button_0_wrapper preset--module--divi-button--ab15fb74-61a3-43aa-96b3-41e09aeef654_wrapper\"><a class=\"et_pb_button_0 et_pb_button et_pb_bg_layout_light et_pb_module et_flex_module preset--module--divi-button--ab15fb74-61a3-43aa-96b3-41e09aeef654\" href=\"\">V\u00f5tke meiega \u00fchendust<\/a><\/div><\/div><div class=\"et_pb_column_1 et_pb_column et_pb_specialty_column et_pb_column_1_2 et-last-child et_block_column et_pb_css_mix_blend_mode_passthrough\"><div class=\"et_pb_row_inner_0 et_pb_row_inner et_block_row preset--module--divi-row-inner--533f52f4-ee6c-4dcb-aade-f0bc088a737f\"><div class=\"et_pb_column_inner_0 et_pb_column_inner et_pb_column et_pb_column_4_4 et-last-child et_block_column et_pb_css_mix_blend_mode_passthrough preset--module--divi-column-inner--73121f80-a3ef-4484-8763-c3f18e3c56d2\"><div class=\"et_pb_heading_1 et_pb_heading et_pb_module et_flex_module preset--module--divi-heading--f0c675ea-2574-4d0e-b725-30f8550a8550\"><div class=\"et_pb_heading_container\"><h4 class=\"et_pb_module_header\">Eksperdid Teie teenistuses<\/h4><\/div><\/div><div class=\"et_pb_heading_2 et_pb_heading et_pb_module et_flex_module preset--module--divi-heading--ba4a6336-701f-47b8-bf5c-09da0ce28016\"><div class=\"et_pb_heading_container\"><h3 class=\"et_pb_module_header\">K\u00fcsige pakkumist<\/h3><\/div><\/div><div class=\"et_pb_text_1 et_pb_text et_pb_bg_layout_light et_pb_module et_flex_module et_pb_text_align_center preset--module--divi-text--2c55a9c4-feed-423b-9edb-ae0b5b365cac\"><div class=\"et_pb_text_inner\"><p>Alustame Teie projektiga juba t\u00e4na. V\u00f5tke meiega \u00fchendust, et arutada Teie vajadusi ja leida parimad lahendused.<\/p>\n<\/div><\/div><div class=\"et_pb_module et_pb_button_module_wrapper et_pb_button_1_wrapper preset--module--divi-button--1bffc0fc-42a0-49d1-bd9a-ae3ade2d7206_wrapper\"><a class=\"et_pb_button_1 et_pb_button et_pb_bg_layout_light et_pb_module et_flex_module preset--module--divi-button--1bffc0fc-42a0-49d1-bd9a-ae3ade2d7206\" href=\"\">Saada p\u00e4ring<\/a><\/div><\/div><\/div><\/div><\/div><\/div><div class=\"et_pb_section_1 et_pb_section et_section_regular et_block_section\"><div class=\"et_pb_row_0 et_pb_row et_pb_equal_columns et_pb_gutters3 et_block_row\"><div class=\"et_pb_column_2 et_pb_column et_pb_column_1_3 et_block_column et_pb_css_mix_blend_mode_passthrough preset--module--divi-column--50607da8-57bc-4d4b-aaef-f02e41c2cc4a\"><div class=\"et_pb_blurb_0 et_pb_blurb et_pb_bg_layout_light et_pb_text_align_center et_pb_blurb_position_top et_pb_module et_flex_module ai_ignore_all preset--module--divi-blurb--212b201d-2c34-41bd-936c-851b7357d08b\"><div class=\"et_pb_blurb_content et_flex_module\"><div class=\"et_pb_main_blurb_image\"><span class=\"et_pb_image_wrap\"><span class=\"et-pb-icon et-waypoint et_pb_animation_off et_pb_animation_off_tablet et_pb_animation_off_phone\">\ue090<\/span><\/span><\/div><div class=\"et_pb_blurb_container\"><h4 class=\"et_pb_module_header\">Phone<\/h4><div class=\"et_pb_blurb_description\"><p>(255) 352-6258<\/p>\n<\/div><\/div><\/div><\/div><\/div><div class=\"et_pb_column_3 et_pb_column et_pb_column_1_3 et_block_column et_pb_css_mix_blend_mode_passthrough preset--module--divi-column--50607da8-57bc-4d4b-aaef-f02e41c2cc4a\"><div class=\"et_pb_blurb_1 et_pb_blurb et_pb_bg_layout_light et_pb_text_align_center et_pb_blurb_position_top et_pb_module et_flex_module ai_ignore_all preset--module--divi-blurb--212b201d-2c34-41bd-936c-851b7357d08b\"><div class=\"et_pb_blurb_content et_flex_module\"><div class=\"et_pb_main_blurb_image\"><span class=\"et_pb_image_wrap\"><span class=\"et-pb-icon et-waypoint et_pb_animation_off et_pb_animation_off_tablet et_pb_animation_off_phone\">\uf0e0<\/span><\/span><\/div><div class=\"et_pb_blurb_container\"><h4 class=\"et_pb_module_header\">Email<\/h4><div class=\"et_pb_blurb_description\"><p><a href=\"mailto:#\">info@kaevamisemeistrid.ee<\/a><\/p>\n<\/div><\/div><\/div><\/div><\/div><div class=\"et_pb_column_4 et_pb_column et_pb_column_1_3 et-last-child et_block_column et_pb_css_mix_blend_mode_passthrough preset--module--divi-column--50607da8-57bc-4d4b-aaef-f02e41c2cc4a\"><div class=\"et_pb_blurb_2 et_pb_blurb et_pb_bg_layout_light et_pb_text_align_center et_pb_blurb_position_top et_pb_module et_flex_module ai_ignore_all preset--module--divi-blurb--212b201d-2c34-41bd-936c-851b7357d08b\"><div class=\"et_pb_blurb_content et_flex_module\"><div class=\"et_pb_main_blurb_image\"><span class=\"et_pb_image_wrap\"><span class=\"et-pb-icon et-waypoint et_pb_animation_off et_pb_animation_off_tablet et_pb_animation_off_phone\">\uf3c5<\/span><\/span><\/div><div class=\"et_pb_blurb_container\"><h4 class=\"et_pb_module_header\">Address<\/h4><div class=\"et_pb_blurb_description\"><p>Tartu mnt 123, Tartu, Eesti 51014<\/p>\n<\/div><\/div><\/div><\/div><\/div><\/div><\/div><div class=\"et_pb_section_2 et_pb_section et_section_regular et_block_section\"><div class=\"et_pb_row_1 et_pb_row et_pb_gutters3 et_block_row preset--module--divi-row--c9cfaba2-2263-4f35-8227-8d16ca8bd1cc\"><div class=\"et_pb_column_5 et_pb_column et_pb_column_4_4 et-last-child et_block_column et_pb_css_mix_blend_mode_passthrough preset--module--divi-column--73121f80-a3ef-4484-8763-c3f18e3c56d2\"><div class=\"et_pb_heading_3 et_pb_heading et_pb_module et_flex_module preset--module--divi-heading--c33f07d9-41e0-421a-8799-5799df695cce\"><div class=\"et_pb_heading_container\"><h2 class=\"et_pb_module_header\">Huvitatud meie teenustest?<\/h2><\/div><\/div><div class=\"et_pb_text_2 et_pb_text et_pb_bg_layout_light et_pb_module et_flex_module et_pb_text_align_center preset--module--divi-text--2c55a9c4-feed-423b-9edb-ae0b5b365cac\"><div class=\"et_pb_text_inner\"><p>T\u00e4ida vorm ja anna meile teada oma projekti vajadustest. Meie eksperdid v\u00f5tavad Teiega peagi \u00fchendust, et arutada, kuidas saame Teid aidata.<\/p>\n<\/div><\/div><div class=\"et_pb_contact_form_0 et_pb_contact_form_container clearfix et_pb_module et_flex_module preset--module--divi-contact-form--347de7c5-8eec-4fb2-89ad-e07c220a4ead\" data-form_unique_num=\"0\" data-form_unique_id=\"44dbb30d-fb7b-4fd1-8be9-5724ac732280\" id=\"et_pb_contact_form_44dbb30d-fb7b-4fd1-8be9-5724ac732280\"><div class=\"et-pb-contact-message\"><\/div><div class=\"et_pb_contact\"><form class=\"et_pb_contact_form et_flex_module\" method=\"post\" action=\"https:\/\/kodulehed.ir.ee\/elegant1\/index.php\/wp-json\/wp\/v2\/pages\/33\"><div class=\"et_pb_contact_field_0 et_pb_contact_field et_pb_module et_flex_module et_flex_column_24_24\" data-id=\"email\" data-type=\"email\"><label class=\"et_pb_contact_form_label\">Email Address<\/label><input type=\"text\" name=\"et_pb_contact_0_email_0\" id=\"et_pb_contact_0_email_0\" class=\"input\" data-required_mark=\"required\" data-field_type=\"email\" data-original_id=\"email\" placeholder=\"Email Address\" title=\"\" value=\"\" \/><\/div><div class=\"et_pb_contact_field_1 et_pb_contact_field et_pb_module et_flex_module et_flex_column_24_24\" data-id=\"name\" data-type=\"input\"><label class=\"et_pb_contact_form_label\">Name<\/label><input type=\"text\" name=\"et_pb_contact_0_name_1\" id=\"et_pb_contact_0_name_1\" class=\"input\" data-required_mark=\"required\" data-field_type=\"input\" data-original_id=\"name\" placeholder=\"Name\" title=\"\" value=\"\" \/><\/div><div class=\"et_pb_contact_field_2 et_pb_contact_field et_pb_module et_flex_module et_flex_column_24_24\" data-id=\"interest\" data-type=\"select\"><label class=\"et_pb_contact_form_label\">What service are you interested in?<\/label><select name=\"et_pb_contact_0_interest_2\" id=\"et_pb_contact_0_interest_2\" class=\"et_pb_contact_select input\" data-required_mark=\"required\" data-field_type=\"select\" data-original_id=\"interest\"><option value=\"What service are you interested in?\">What service are you interested in?<\/option><option value=\"Divi AI\" data-id=\"\">Divi AI<\/option><option value=\"Divi Marketplace\" data-id=\"\">Divi Marketplace<\/option><option value=\"Divi Builder\" data-id=\"\">Divi Builder<\/option><\/select><\/div><div class=\"et_pb_contact_field_3 et_pb_contact_field et_pb_module et_flex_module et_flex_column_24_24\" data-id=\"message\" data-type=\"text\"><label class=\"et_pb_contact_form_label\">Add an option note<\/label><textarea name=\"et_pb_contact_0_message_3\" id=\"et_pb_contact_0_message_3\" class=\"et_pb_contact_message input\" data-required_mark=\"not_required\" data-field_type=\"text\" data-original_id=\"message\" placeholder=\"Add an option note\"><\/textarea><\/div><input type=\"hidden\" name=\"et_pb_contactform_submit_44dbb30d-fb7b-4fd1-8be9-5724ac732280\" value=\"et_contact_proccess\" \/><div class=\"et_contact_bottom_container\"><div class=\"et_pb_button_wrapper\"><button type=\"submit\" name=\"et_builder_submit_button\" class=\"et_pb_button et_pb_contact_submit\">Submit<\/button><\/div><\/div><input type=\"hidden\" id=\"_wpnonce-et-pb-contact-form-submitted-44dbb30d-fb7b-4fd1-8be9-5724ac732280\" name=\"_wpnonce-et-pb-contact-form-submitted-44dbb30d-fb7b-4fd1-8be9-5724ac732280\" value=\"bca19ce850\" \/><input type=\"hidden\" name=\"_wp_http_referer\" value=\"\/elegant1\/index.php\/wp-json\/wp\/v2\/pages\/33\" \/><\/form><\/div><\/div><\/div><\/div><\/div><div class=\"et_pb_section_3 et_pb_section et_section_regular et_block_section\"><div class=\"et_pb_row_2 et_pb_row et_pb_gutters3 et_block_row\"><div class=\"et_pb_column_6 et_pb_column et_pb_column_4_4 et-last-child et_block_column et_pb_css_mix_blend_mode_passthrough\"><div class=\"et_pb_heading_4 et_pb_heading et_pb_module et_flex_module preset--module--divi-heading--c33f07d9-41e0-421a-8799-5799df695cce\"><div class=\"et_pb_heading_container\"><h2 class=\"et_pb_module_header\">Meie Ekspertiis<\/h2><\/div><\/div><div class=\"et_pb_text_3 et_pb_text et_pb_bg_layout_light et_pb_module et_flex_module et_pb_text_align_center preset--module--divi-text--2c55a9c4-feed-423b-9edb-ae0b5b365cac\"><div class=\"et_pb_text_inner\"><p>Kaevet\u00f6\u00f6d24 on p\u00fchendunud pakkuma tipptasemel kaeve- ja ehitusteenuseid, mis p\u00f5hinevad aastatepikkusel kogemusel ja s\u00fcgaval arusaamisel klientide vajadustest. Meie meeskond on varustatud kaasaegse tehnikaga, mis v\u00f5imaldab meil teostada nii lihtsaid haljastusprojekte kui ka keerukaid infrastruktuurilahendusi. Meie missioon on pakkuda usaldusv\u00e4\u00e4rseid ja kvaliteetseid teenuseid, mis vastavad ja \u00fcletavad klientide ootusi.<\/p>\n<\/div><\/div><div class=\"et_pb_image_0 et_pb_image et_pb_module et_flex_module\"><span class=\"et_pb_image_wrap\"><img decoding=\"async\" src=\"https:\/\/kodulehed.ir.ee\/elegant1\/wp-content\/uploads\/2026\/03\/0-ec29accb-c1a5-4307-961d-1a0b03c702c2-1000x600.jpg\" title=\"1080x600\" \/><\/span><\/div><\/div><\/div><\/div><div class=\"et_pb_section_4 et_pb_section et_section_regular et_block_section\"><div class=\"et_pb_row_3 et_pb_row et_pb_gutters3 et_block_row preset--module--divi-row--5138c454-be54-4233-bd3b-f8e6a8747976\"><div class=\"et_pb_column_7 et_pb_column et_pb_column_4_4 et-last-child et_block_column et_pb_css_mix_blend_mode_passthrough preset--module--divi-column--73121f80-a3ef-4484-8763-c3f18e3c56d2\"><div class=\"et_pb_heading_5 et_pb_heading et_pb_module et_flex_module preset--module--divi-heading--c33f07d9-41e0-421a-8799-5799df695cce\"><div class=\"et_pb_heading_container\"><h2 class=\"et_pb_module_header\">Klientide Tagasiside<\/h2><\/div><\/div><\/div><\/div><div class=\"et_pb_row_4 et_pb_row et_pb_gutters2 et_block_row preset--module--divi-row--5138c454-be54-4233-bd3b-f8e6a8747976\"><div class=\"et_pb_column_8 et_pb_column et_pb_column_1_3 et_block_column et_pb_css_mix_blend_mode_passthrough preset--module--divi-column--73121f80-a3ef-4484-8763-c3f18e3c56d2\"><div class=\"et_pb_testimonial_0 et_pb_testimonial et_pb_bg_layout_light et_pb_module et_flex_module ai_ignore_font_icon preset--module--divi-testimonial--0e35d7c8-43f7-4642-88fa-284809e5aebb\"><div class=\"et_pb_testimonial_inner\"><div class=\"et_pb_testimonial_portrait\" style=\"background-image:url(https:\/\/kodulehed.ir.ee\/elegant1\/wp-content\/uploads\/2026\/03\/new-portrait-10-800x800-1-2-800x800.jpg)\"><\/div><div class=\"et_pb_testimonial_description et_flex_module\"><div class=\"et_pb_testimonial_description_inner\"><div class=\"et_pb_testimonial_content\"><p>&#8220;Kaevet\u00f6\u00f6d24 meeskond tegi suurep\u00e4rast t\u00f6\u00f6d meie uue kodu vundamendi kaevamisel. Nende professionaalsus ja t\u00e4helepanu detailidele olid muljetavaldavad.&#8221;<\/p>\n<\/div><\/div><div class=\"et_pb_testimonial_author\">Marek T.<\/div><div class=\"et_pb_testimonial_meta\"><\/div><\/div><\/div><\/div><\/div><div class=\"et_pb_column_9 et_pb_column et_pb_column_1_3 et_block_column et_pb_css_mix_blend_mode_passthrough preset--module--divi-column--73121f80-a3ef-4484-8763-c3f18e3c56d2\"><div class=\"et_pb_testimonial_1 et_pb_testimonial et_pb_bg_layout_light et_pb_module et_flex_module ai_ignore_font_icon preset--module--divi-testimonial--0e35d7c8-43f7-4642-88fa-284809e5aebb\"><div class=\"et_pb_testimonial_inner\"><div class=\"et_pb_testimonial_portrait\" style=\"background-image:url(https:\/\/kodulehed.ir.ee\/elegant1\/wp-content\/uploads\/2026\/03\/new-portrait-9-800x800-1-2-800x800.jpg)\"><\/div><div class=\"et_pb_testimonial_description et_flex_module\"><div class=\"et_pb_testimonial_description_inner\"><div class=\"et_pb_testimonial_content\"><p>&#8220;Oleme v\u00e4ga rahul Kaevet\u00f6\u00f6d24 teenustega. Nad suutsid meie keerulise maastiku projektiga suurep\u00e4raselt hakkama saada, pakkudes innovatiivseid lahendusi.&#8221;<\/p>\n<\/div><\/div><div class=\"et_pb_testimonial_author\">Katrin L.<\/div><div class=\"et_pb_testimonial_meta\"><\/div><\/div><\/div><\/div><\/div><div class=\"et_pb_column_10 et_pb_column et_pb_column_1_3 et-last-child et_block_column et_pb_css_mix_blend_mode_passthrough preset--module--divi-column--73121f80-a3ef-4484-8763-c3f18e3c56d2\"><div class=\"et_pb_testimonial_2 et_pb_testimonial et_pb_bg_layout_light et_pb_module et_flex_module ai_ignore_font_icon preset--module--divi-testimonial--0e35d7c8-43f7-4642-88fa-284809e5aebb\"><div class=\"et_pb_testimonial_inner\"><div class=\"et_pb_testimonial_portrait\" style=\"background-image:url(https:\/\/kodulehed.ir.ee\/elegant1\/wp-content\/uploads\/2026\/03\/new-portrait-11-800x800-1-1-800x800.jpg)\"><\/div><div class=\"et_pb_testimonial_description et_flex_module\"><div class=\"et_pb_testimonial_description_inner\"><div class=\"et_pb_testimonial_content\"><p>&#8220;T\u00e4nu Kaevet\u00f6\u00f6d24-le on meie ettev\u00f5tte parkla n\u00fc\u00fcd palju funktsionaalsem ja paremini korraldatud. Soovitame neid kindlasti!&#8221;<\/p>\n<\/div><\/div><div class=\"et_pb_testimonial_author\">Jaanus P.<\/div><div class=\"et_pb_testimonial_meta\"><\/div><\/div><\/div><\/div><\/div><\/div><div class=\"et_pb_row_5 et_pb_row et_pb_gutters2 et_block_row preset--module--divi-row--5138c454-be54-4233-bd3b-f8e6a8747976\"><div class=\"et_pb_column_11 et_pb_column et_pb_column_1_2 et_block_column et_pb_css_mix_blend_mode_passthrough preset--module--divi-column--73121f80-a3ef-4484-8763-c3f18e3c56d2\"><div class=\"et_pb_testimonial_3 et_pb_testimonial et_pb_testimonial_no_image et_pb_bg_layout_light et_pb_module et_flex_module ai_ignore_font_icon preset--module--divi-testimonial--0e35d7c8-43f7-4642-88fa-284809e5aebb\"><div class=\"et_pb_testimonial_inner\"><div class=\"et_pb_testimonial_description et_flex_module\"><div class=\"et_pb_testimonial_description_inner\"><div class=\"et_pb_testimonial_content\"><p>&#8220;Kaevet\u00f6\u00f6d24 oli meie projekti jaoks ideaalne partner. Nende oskus m\u00f5ista meie vajadusi ja pakkuda parimaid lahendusi oli hindamatu.&#8221;<\/p>\n<\/div><\/div><div class=\"et_pb_testimonial_author\">Liisa K.<\/div><div class=\"et_pb_testimonial_meta\"><\/div><\/div><\/div><\/div><\/div><div class=\"et_pb_column_12 et_pb_column et_pb_column_1_2 et-last-child et_block_column et_pb_css_mix_blend_mode_passthrough preset--module--divi-column--73121f80-a3ef-4484-8763-c3f18e3c56d2\"><div class=\"et_pb_testimonial_4 et_pb_testimonial et_pb_testimonial_no_image et_pb_bg_layout_light et_pb_module et_flex_module ai_ignore_font_icon preset--module--divi-testimonial--0e35d7c8-43f7-4642-88fa-284809e5aebb\"><div class=\"et_pb_testimonial_inner\"><div class=\"et_pb_testimonial_description et_flex_module\"><div class=\"et_pb_testimonial_description_inner\"><div class=\"et_pb_testimonial_content\"><p>&#8220;Kiidan Kaevet\u00f6\u00f6d24 meeskonda nende kiire ja kvaliteetse t\u00f6\u00f6 eest. Nende panus meie ehitusprojekti oli m\u00e4rkimisv\u00e4\u00e4rne.&#8221;<\/p>\n<\/div><\/div><div class=\"et_pb_testimonial_author\">Andres V.<\/div><div class=\"et_pb_testimonial_meta\"><\/div><\/div><\/div><\/div><\/div><\/div><\/div><div class=\"et_pb_section_5 et_pb_section et_section_regular et_block_section\"><div class=\"et_pb_row_6 et_pb_row et_pb_gutters3 et_block_row preset--module--divi-row--5138c454-be54-4233-bd3b-f8e6a8747976\"><div class=\"et_pb_column_13 et_pb_column et_pb_column_4_4 et-last-child et_block_column et_pb_css_mix_blend_mode_passthrough preset--module--divi-column--73121f80-a3ef-4484-8763-c3f18e3c56d2\"><div class=\"et_pb_cta_0 et_pb_promo et_pb_bg_layout_light et_pb_module et_flex_module preset--module--divi-cta--4c2ad5d0-871e-414e-a4be-aa9134d4ae8e\"><div class=\"et_pb_promo_description\"><h2 class=\"et_pb_module_header\">V\u00f5tke Meiega \u00dchendust<\/h2><div class=\"et_pb_promo_content\"><p>Kutsume teid \u00fcles arutama oma projekti vajadusi meie ekspertidega. Kaevet\u00f6\u00f6d24 on valmis pakkuma teile parimaid lahendusi, et tagada teie projekti edukus. V\u00f5tke meiega \u00fchendust, et alustada koost\u00f6\u00f6d ja leida teie vajadustele sobivaim lahendus.<\/p>\n<\/div><\/div><div class=\"et_pb_button_wrapper\"><a class=\"et_pb_button et_pb_promo_button\" href=\"#\">K\u00fcsi Konsultatsiooni<\/a><\/div><\/div><\/div><\/div><\/div>","protected":false},"excerpt":{"rendered":"","protected":false},"author":1,"featured_media":0,"parent":0,"menu_order":0,"comment_status":"closed","ping_status":"closed","template":"","meta":{"footnotes":""},"class_list":["post-33","page","type-page","status-publish","hentry"],"_links":{"self":[{"href":"https:\/\/kodulehed.ir.ee\/elegant1\/index.php\/wp-json\/wp\/v2\/pages\/33","targetHints":{"allow":["GET"]}}],"collection":[{"href":"https:\/\/kodulehed.ir.ee\/elegant1\/index.php\/wp-json\/wp\/v2\/pages"}],"about":[{"href":"https:\/\/kodulehed.ir.ee\/elegant1\/index.php\/wp-json\/wp\/v2\/types\/page"}],"author":[{"embeddable":true,"href":"https:\/\/kodulehed.ir.ee\/elegant1\/index.php\/wp-json\/wp\/v2\/users\/1"}],"replies":[{"embeddable":true,"href":"https:\/\/kodulehed.ir.ee\/elegant1\/index.php\/wp-json\/wp\/v2\/comments?post=33"}],"version-history":[{"count":1,"href":"https:\/\/kodulehed.ir.ee\/elegant1\/index.php\/wp-json\/wp\/v2\/pages\/33\/revisions"}],"predecessor-version":[{"id":123,"href":"https:\/\/kodulehed.ir.ee\/elegant1\/index.php\/wp-json\/wp\/v2\/pages\/33\/revisions\/123"}],"wp:attachment":[{"href":"https:\/\/kodulehed.ir.ee\/elegant1\/index.php\/wp-json\/wp\/v2\/media?parent=33"}],"curies":[{"name":"wp","href":"https:\/\/api.w.org\/{rel}","templated":true}]}}