{"id":29,"date":"2026-03-20T09:38:44","date_gmt":"2026-03-20T09:38:44","guid":{"rendered":"https:\/\/kodulehed.ir.ee\/elegant1\/?page_id=29"},"modified":"2026-03-20T09:38:44","modified_gmt":"2026-03-20T09:38:44","slug":"projektid","status":"publish","type":"page","link":"https:\/\/kodulehed.ir.ee\/elegant1\/index.php\/projektid\/","title":{"rendered":"Projektid"},"content":{"rendered":"<div class=\"et_pb_section_0 et_pb_section et_section_specialty et_pb_equal_columns et_pb_gutters3 et_block_section\"><div class=\"et_pb_row et_block_row\"><div class=\"et_pb_column_0 et_pb_column et_pb_column_single et_pb_column_1_2 et_block_column et_pb_css_mix_blend_mode_passthrough preset--module--divi-column--73121f80-a3ef-4484-8763-c3f18e3c56d2\"><div class=\"et_pb_divider_0 et_pb_divider_hidden et_pb_space et_pb_divider_position_top et_pb_module\"><div class=\"et_pb_divider_internal\"><\/div><\/div><\/div><div class=\"et_pb_column_1 et_pb_column et_pb_specialty_column et_pb_column_1_2 et-last-child et_block_column et_pb_css_mix_blend_mode_passthrough\"><div class=\"et_pb_row_inner_0 et_pb_row_inner et_block_row\"><div class=\"et_pb_column_inner_0 et_pb_column_inner et_pb_column et_pb_column_4_4 et-last-child et_block_column et_pb_css_mix_blend_mode_passthrough preset--module--divi-column-inner--73121f80-a3ef-4484-8763-c3f18e3c56d2\"><div class=\"et_pb_heading_0 et_pb_heading et_pb_module et_flex_module preset--module--divi-heading--f0c675ea-2574-4d0e-b725-30f8550a8550\"><div class=\"et_pb_heading_container\"><h4 class=\"et_pb_module_header\">Avastage Meie Kaeveprojektide V\u00f5lumaailm<\/h4><\/div><\/div><div class=\"et_pb_heading_1 et_pb_heading et_pb_module et_flex_module preset--module--divi-heading--ddeb8c09-9078-4424-bc15-2efb6572e28e\"><div class=\"et_pb_heading_container\"><h1 class=\"et_pb_module_header\">Meie T\u00f6\u00f6de Galerii<\/h1><\/div><\/div><div class=\"et_pb_text_0 et_pb_text et_pb_bg_layout_light et_pb_module et_flex_module preset--module--divi-text--2c55a9c4-feed-423b-9edb-ae0b5b365cac\"><div class=\"et_pb_text_inner\"><p>Uurige, kuidas meie professionaalne meeskond on ellu viinud mitmeid keerukaid ja mitmekesiseid projekte, pakkudes usaldusv\u00e4\u00e4rseid ja kvaliteetseid kaevamislahendusi.<\/p>\n<\/div><\/div><div class=\"et_pb_module et_pb_button_module_wrapper et_pb_button_0_wrapper preset--module--divi-button--1bffc0fc-42a0-49d1-bd9a-ae3ade2d7206_wrapper\"><a class=\"et_pb_button_0 et_pb_button et_pb_bg_layout_light et_pb_module et_flex_module preset--module--divi-button--1bffc0fc-42a0-49d1-bd9a-ae3ade2d7206\" href=\"\">Vaata Projekte<\/a><\/div><\/div><\/div><div class=\"et_pb_row_inner_1 et_pb_row_inner et_pb_equal_columns et_pb_gutters1 et_block_row\"><div class=\"et_pb_column_inner_1 et_pb_column_inner et_pb_column et_pb_column_1_4 et_block_column et_pb_css_mix_blend_mode_passthrough preset--module--divi-column-inner--73121f80-a3ef-4484-8763-c3f18e3c56d2\"><div class=\"et_pb_heading_2 et_pb_heading et_pb_module et_flex_module preset--module--divi-heading--a3805066-8711-43c7-9f62-5782da0e9f7a\"><div class=\"et_pb_heading_container\"><h5 class=\"et_pb_module_header\">T\u00e4psus ja Kvaliteet<\/h5><\/div><\/div><div class=\"et_pb_text_1 et_pb_text et_pb_bg_layout_light et_pb_module et_flex_module preset--module--divi-text--0504de1e-f5ff-4281-ba60-cbbe4edf98bc\"><div class=\"et_pb_text_inner\"><p>Meie projektid paistavad silma t\u00e4psuse ja kvaliteedi poolest, tagades iga t\u00f6\u00f6 eduka l\u00f5puleviimise.<\/p>\n<\/div><\/div><\/div><div class=\"et_pb_column_inner_2 et_pb_column_inner et_pb_column et_pb_column_1_4 et-last-child et_block_column et_pb_css_mix_blend_mode_passthrough preset--module--divi-column-inner--73121f80-a3ef-4484-8763-c3f18e3c56d2\"><div class=\"et_pb_heading_3 et_pb_heading et_pb_module et_flex_module preset--module--divi-heading--a3805066-8711-43c7-9f62-5782da0e9f7a\"><div class=\"et_pb_heading_container\"><h5 class=\"et_pb_module_header\">Innovatiivsed Lahendused<\/h5><\/div><\/div><div class=\"et_pb_text_2 et_pb_text et_pb_bg_layout_light et_pb_module et_flex_module preset--module--divi-text--2c55a9c4-feed-423b-9edb-ae0b5b365cac\"><div class=\"et_pb_text_inner\"><p>Kasutame kaasaegseid tehnoloogiaid ja meetodeid, et pakkuda parimaid lahendusi igale v\u00e4ljakutsele.<\/p>\n<\/div><\/div><\/div><\/div><\/div><\/div><\/div><div class=\"et_pb_section_1 et_pb_section et_section_regular et_block_section\"><div class=\"et_pb_row_0 et_pb_row et_pb_gutters3 et_block_row\"><div class=\"et_pb_column_2 et_pb_column et_pb_column_4_4 et-last-child et_block_column et_pb_css_mix_blend_mode_passthrough\"><div class=\"et_pb_heading_4 et_pb_heading et_pb_module et_flex_module preset--module--divi-heading--c33f07d9-41e0-421a-8799-5799df695cce\"><div class=\"et_pb_heading_container\"><h2 class=\"et_pb_module_header\">Meie Projektide Valik<\/h2><\/div><\/div><\/div><\/div><div class=\"et_pb_row_1 et_pb_row et_pb_gutters3 et_block_row\"><div class=\"et_pb_column_3 et_pb_column et_pb_column_4_4 et-last-child et_block_column et_pb_css_mix_blend_mode_passthrough\"><div class=\"et_pb_portfolio_0 et_pb_portfolio et_pb_bg_layout_light clearfix et_pb_module preset--module--divi-portfolio--16b7bc21-a621-4d88-8c77-961c29793ef0\"><div class=\"entry\">\n\t<h1 class=\"not-found-title\">No Results Found<\/h1>\n\t<p>The page you requested could not be found. Try refining your search, or use the navigation above to locate the post.<\/p>\n<\/div>\n<\/div><\/div><\/div><\/div><div class=\"et_pb_section_2 et_pb_section et_section_regular et_block_section preset--module--divi-section--8363d3a1-7f13-4aae-8984-26124f93e21c\"><div class=\"et_pb_row_2 et_pb_row et_pb_gutters3 et_block_row preset--module--divi-row--5138c454-be54-4233-bd3b-f8e6a8747976\"><div class=\"et_pb_column_4 et_pb_column et_pb_column_4_4 et-last-child et_block_column et_pb_css_mix_blend_mode_passthrough preset--module--divi-column--73121f80-a3ef-4484-8763-c3f18e3c56d2\"><div class=\"et_pb_heading_5 et_pb_heading et_pb_module et_flex_module preset--module--divi-heading--c33f07d9-41e0-421a-8799-5799df695cce\"><div class=\"et_pb_heading_container\"><h2 class=\"et_pb_module_header\">Tehnoloogiad ja Meetodid<\/h2><\/div><\/div><\/div><\/div><div class=\"et_pb_row_3 et_pb_row et_pb_gutters3 et_block_row preset--module--divi-row--5138c454-be54-4233-bd3b-f8e6a8747976\"><div class=\"et_pb_column_5 et_pb_column et_pb_column_1_3 et_block_column et_pb_css_mix_blend_mode_passthrough preset--module--divi-column--50607da8-57bc-4d4b-aaef-f02e41c2cc4a\"><div class=\"et_pb_blurb_0 et_pb_blurb et_pb_bg_layout_light et_pb_text_align_left et_pb_blurb_position_top et_pb_module et_flex_module preset--module--divi-blurb--203c76fc-aee0-4484-9be1-f0e2ebd81a8f\"><div class=\"et_pb_blurb_content et_flex_module\"><div class=\"et_pb_main_blurb_image\"><span class=\"et_pb_image_wrap et_pb_only_image_mode_wrap\"><img decoding=\"async\" src=\"https:\/\/kodulehed.ir.ee\/elegant1\/wp-content\/uploads\/2026\/03\/0-27ecd572-6918-44fe-98c0-134f6f6bde43-800x600.jpg\" class=\"et-waypoint et_pb_animation_off et_pb_animation_off_tablet et_pb_animation_off_phone\" \/><\/span><\/div><div class=\"et_pb_blurb_container\"><h4 class=\"et_pb_module_header\">Geodeetilised M\u00f5\u00f5tmised<\/h4><div class=\"et_pb_blurb_description\"><p>Tagame t\u00e4psed tulemused, kasutades geodeetilisi m\u00f5\u00f5tmisi, mis on iga projekti alustala.<\/p>\n<\/div><\/div><\/div><\/div><div class=\"et_pb_module et_pb_button_module_wrapper et_pb_button_1_wrapper preset--module--divi-button--1bffc0fc-42a0-49d1-bd9a-ae3ade2d7206_wrapper\"><a class=\"et_pb_button_1 et_pb_button et_pb_bg_layout_light et_pb_module et_flex_module preset--module--divi-button--1bffc0fc-42a0-49d1-bd9a-ae3ade2d7206\" href=\"\">Loe L\u00e4hemalt<\/a><\/div><\/div><div class=\"et_pb_column_6 et_pb_column et_pb_column_1_3 et_block_column et_pb_css_mix_blend_mode_passthrough preset--module--divi-column--50607da8-57bc-4d4b-aaef-f02e41c2cc4a\"><div class=\"et_pb_blurb_1 et_pb_blurb et_pb_bg_layout_light et_pb_text_align_left et_pb_blurb_position_top et_pb_module et_flex_module preset--module--divi-blurb--203c76fc-aee0-4484-9be1-f0e2ebd81a8f\"><div class=\"et_pb_blurb_content et_flex_module\"><div class=\"et_pb_main_blurb_image\"><span class=\"et_pb_image_wrap et_pb_only_image_mode_wrap\"><img decoding=\"async\" src=\"https:\/\/kodulehed.ir.ee\/elegant1\/wp-content\/uploads\/2026\/03\/0-11570311-a761-4e3b-83d0-9ed1ff6b53ef-800x600.jpg\" class=\"et-waypoint et_pb_animation_off et_pb_animation_off_tablet et_pb_animation_off_phone\" \/><\/span><\/div><div class=\"et_pb_blurb_container\"><h4 class=\"et_pb_module_header\">Kaasaegne Tehnika<\/h4><div class=\"et_pb_blurb_description\"><p>Meie masinapark sisaldab uusimaid seadmeid, mis v\u00f5imaldavad t\u00f5husat ja kiiret t\u00f6\u00f6de teostamist.<\/p>\n<\/div><\/div><\/div><\/div><div class=\"et_pb_module et_pb_button_module_wrapper et_pb_button_2_wrapper preset--module--divi-button--1bffc0fc-42a0-49d1-bd9a-ae3ade2d7206_wrapper\"><a class=\"et_pb_button_2 et_pb_button et_pb_bg_layout_light et_pb_module et_flex_module preset--module--divi-button--1bffc0fc-42a0-49d1-bd9a-ae3ade2d7206\" href=\"\">Loe L\u00e4hemalt<\/a><\/div><\/div><div class=\"et_pb_column_7 et_pb_column et_pb_column_1_3 et-last-child et_block_column et_pb_css_mix_blend_mode_passthrough preset--module--divi-column--50607da8-57bc-4d4b-aaef-f02e41c2cc4a\"><div class=\"et_pb_blurb_2 et_pb_blurb et_pb_bg_layout_light et_pb_text_align_left et_pb_blurb_position_top et_pb_module et_flex_module preset--module--divi-blurb--203c76fc-aee0-4484-9be1-f0e2ebd81a8f\"><div class=\"et_pb_blurb_content et_flex_module\"><div class=\"et_pb_main_blurb_image\"><span class=\"et_pb_image_wrap et_pb_only_image_mode_wrap\"><img decoding=\"async\" src=\"https:\/\/kodulehed.ir.ee\/elegant1\/wp-content\/uploads\/2026\/03\/0-0ef934f1-ee27-4520-ae23-c23d86a76c55-800x600.jpg\" class=\"et-waypoint et_pb_animation_off et_pb_animation_off_tablet et_pb_animation_off_phone\" \/><\/span><\/div><div class=\"et_pb_blurb_container\"><h4 class=\"et_pb_module_header\">Keskkonnas\u00f5bralikud Praktikad<\/h4><div class=\"et_pb_blurb_description\"><p>Rakendame keskkonnas\u00f5bralikke meetodeid, et minimeerida m\u00f5ju loodusele ja tagada j\u00e4tkusuutlikkus.<\/p>\n<\/div><\/div><\/div><\/div><div class=\"et_pb_module et_pb_button_module_wrapper et_pb_button_3_wrapper preset--module--divi-button--1bffc0fc-42a0-49d1-bd9a-ae3ade2d7206_wrapper\"><a class=\"et_pb_button_3 et_pb_button et_pb_bg_layout_light et_pb_module et_flex_module preset--module--divi-button--1bffc0fc-42a0-49d1-bd9a-ae3ade2d7206\" href=\"\">Loe L\u00e4hemalt<\/a><\/div><\/div><\/div><\/div><div class=\"et_pb_section_3 et_pb_section et_section_regular et_block_section\"><div class=\"et_pb_row_4 et_pb_row et_pb_gutters3 et_block_row preset--module--divi-row--5138c454-be54-4233-bd3b-f8e6a8747976\"><div class=\"et_pb_column_8 et_pb_column et_pb_column_4_4 et-last-child et_block_column et_pb_css_mix_blend_mode_passthrough preset--module--divi-column--73121f80-a3ef-4484-8763-c3f18e3c56d2\"><div class=\"et_pb_slider_0 et_pb_slider et_pb_slider_fullwidth_off et_pb_module et_flex_module preset--module--divi-slider--a0d0e114-2915-4078-81e1-4574521ea79b\"><div class=\"et_pb_slides\"><div class=\"et_pb_slide_0 et_pb_slide et_pb_media_alignment_center et_pb_bg_layout_dark\" data-slide-id=\"divi\/slide-0\"><div class=\"et_pb_container\"><div class=\"et_pb_slider_container_inner\"><div class=\"et_pb_slide_description et_flex_module\"><div class=\"et_pb_slide_content\"><p>&#8220;Working with Kaevet\u00f6\u00f6d24 was a game-changer for our project. Their expertise and efficiency ensured everything was completed on schedule and within budget.&#8221; &#8211; Martin T.<\/p>\n<\/div><\/div><\/div><\/div><\/div><div class=\"et_pb_slide_1 et_pb_slide et_pb_media_alignment_center et_pb_bg_layout_dark\" data-slide-id=\"divi\/slide-1\"><div class=\"et_pb_container\"><div class=\"et_pb_slider_container_inner\"><div class=\"et_pb_slide_description et_flex_module\"><div class=\"et_pb_slide_content\"><p>&#8220;The team at Kaevet\u00f6\u00f6d24 exceeded our expectations with their attention to detail and commitment to quality. We couldn&#8217;t be happier with the results.&#8221; &#8211; Liisa K.<\/p>\n<\/div><\/div><\/div><\/div><\/div><div class=\"et_pb_slide_2 et_pb_slide et_pb_media_alignment_center et_pb_bg_layout_dark\" data-slide-id=\"divi\/slide-2\"><div class=\"et_pb_container\"><div class=\"et_pb_slider_container_inner\"><div class=\"et_pb_slide_description et_flex_module\"><div class=\"et_pb_slide_content\"><p>&#8220;Kaevet\u00f6\u00f6d24 demonstrated professionalism and reliability from start to finish. Their innovative solutions made a significant difference in our project.&#8221; &#8211; Juhan M.<\/p>\n<\/div><\/div><\/div><\/div><\/div><div class=\"et_pb_slide_3 et_pb_slide et_pb_media_alignment_center et_pb_bg_layout_dark\" data-slide-id=\"divi\/slide-3\"><div class=\"et_pb_container\"><div class=\"et_pb_slider_container_inner\"><div class=\"et_pb_slide_description et_flex_module\"><div class=\"et_pb_slide_content\"><p>&#8220;I was impressed by the dedication and skill of the Kaevet\u00f6\u00f6d24 team. They truly understand customer needs and deliver outstanding results.&#8221; &#8211; Anneli P.<\/p>\n<\/div><\/div><\/div><\/div><\/div><\/div><\/div><\/div><\/div><\/div><div class=\"et_pb_section_4 et_pb_section et_section_regular et_block_section\"><div class=\"et_pb_row_5 et_pb_row et_pb_gutters3 et_block_row\"><div class=\"et_pb_column_9 et_pb_column et_pb_column_4_4 et-last-child et_block_column et_pb_css_mix_blend_mode_passthrough\"><div class=\"et_pb_heading_6 et_pb_heading et_pb_module et_flex_module preset--module--divi-heading--c33f07d9-41e0-421a-8799-5799df695cce\"><div class=\"et_pb_heading_container\"><h2 class=\"et_pb_module_header\">Meie Lugu<\/h2><\/div><\/div><\/div><\/div><div class=\"et_pb_row_6 et_pb_row et_pb_gutters3 et_block_row\"><div class=\"et_pb_column_10 et_pb_column et_pb_column_1_2 et_block_column et_pb_css_mix_blend_mode_passthrough\"><div class=\"et_pb_text_3 et_pb_text et_pb_bg_layout_light et_pb_module et_flex_module preset--module--divi-text--2c55a9c4-feed-423b-9edb-ae0b5b365cac\"><div class=\"et_pb_text_inner\"><p>Kaevet\u00f6\u00f6d24 on p\u00fchendunud pakkuma parimaid kaeve- ja ehitusteenuseid L\u00f5una-Eestis. Meie meeskond koosneb kogenud spetsialistidest, kellel on aastatepikkune kogemus ja s\u00fcgav arusaam klientide vajadustest. Meie missioon on pakkuda usaldusv\u00e4\u00e4rseid ja kvaliteetseid lahendusi, kasutades kaasaegset tehnikat ja innovaatilisi meetodeid. Oleme uhked oma v\u00f5ime \u00fcle kohandada teenuseid vastavalt iga projekti unikaalsetele n\u00f5udmistele, tagades klientide rahulolu ja projektide eduka l\u00f5puleviimise.<\/p>\n<\/div><\/div><\/div><div class=\"et_pb_column_11 et_pb_column et_pb_column_1_2 et-last-child et_block_column et_pb_css_mix_blend_mode_passthrough\"><div class=\"et_pb_image_0 et_pb_image et_pb_module et_flex_module\"><span class=\"et_pb_image_wrap\"><img decoding=\"async\" src=\"https:\/\/kodulehed.ir.ee\/elegant1\/wp-content\/uploads\/2026\/03\/0-bc844842-8c71-4c24-8416-ca0fd43dd743-800x800.jpg\" title=\"800x800\" \/><\/span><\/div><\/div><\/div><\/div><div class=\"et_pb_section_5 et_pb_section et_section_regular et_block_section\"><div class=\"et_pb_row_7 et_pb_row et_pb_gutters3 et_block_row preset--module--divi-row--5138c454-be54-4233-bd3b-f8e6a8747976\"><div class=\"et_pb_column_12 et_pb_column et_pb_column_4_4 et-last-child et_block_column et_pb_css_mix_blend_mode_passthrough preset--module--divi-column--73121f80-a3ef-4484-8763-c3f18e3c56d2\"><div class=\"et_pb_heading_7 et_pb_heading et_pb_module et_flex_module preset--module--divi-heading--ddeb8c09-9078-4424-bc15-2efb6572e28e\"><div class=\"et_pb_heading_container\"><h1 class=\"et_pb_module_header\">V\u00f5tke Meiega \u00dchendust<\/h1><\/div><\/div><div class=\"et_pb_module et_pb_button_module_wrapper et_pb_button_4_wrapper preset--module--divi-button--ab15fb74-61a3-43aa-96b3-41e09aeef654_wrapper\"><a class=\"et_pb_button_4 et_pb_button et_pb_bg_layout_light et_pb_module et_flex_module preset--module--divi-button--ab15fb74-61a3-43aa-96b3-41e09aeef654\" href=\"\">K\u00fcsi Pakkumist<\/a><\/div><\/div><\/div><\/div>","protected":false},"excerpt":{"rendered":"","protected":false},"author":1,"featured_media":0,"parent":0,"menu_order":0,"comment_status":"closed","ping_status":"closed","template":"","meta":{"footnotes":""},"class_list":["post-29","page","type-page","status-publish","hentry"],"_links":{"self":[{"href":"https:\/\/kodulehed.ir.ee\/elegant1\/index.php\/wp-json\/wp\/v2\/pages\/29","targetHints":{"allow":["GET"]}}],"collection":[{"href":"https:\/\/kodulehed.ir.ee\/elegant1\/index.php\/wp-json\/wp\/v2\/pages"}],"about":[{"href":"https:\/\/kodulehed.ir.ee\/elegant1\/index.php\/wp-json\/wp\/v2\/types\/page"}],"author":[{"embeddable":true,"href":"https:\/\/kodulehed.ir.ee\/elegant1\/index.php\/wp-json\/wp\/v2\/users\/1"}],"replies":[{"embeddable":true,"href":"https:\/\/kodulehed.ir.ee\/elegant1\/index.php\/wp-json\/wp\/v2\/comments?post=29"}],"version-history":[{"count":1,"href":"https:\/\/kodulehed.ir.ee\/elegant1\/index.php\/wp-json\/wp\/v2\/pages\/29\/revisions"}],"predecessor-version":[{"id":85,"href":"https:\/\/kodulehed.ir.ee\/elegant1\/index.php\/wp-json\/wp\/v2\/pages\/29\/revisions\/85"}],"wp:attachment":[{"href":"https:\/\/kodulehed.ir.ee\/elegant1\/index.php\/wp-json\/wp\/v2\/media?parent=29"}],"curies":[{"name":"wp","href":"https:\/\/api.w.org\/{rel}","templated":true}]}}