{"id":27,"date":"2026-03-20T09:38:44","date_gmt":"2026-03-20T09:38:44","guid":{"rendered":"https:\/\/kodulehed.ir.ee\/elegant1\/?page_id=27"},"modified":"2026-03-20T09:38:44","modified_gmt":"2026-03-20T09:38:44","slug":"teenused","status":"publish","type":"page","link":"https:\/\/kodulehed.ir.ee\/elegant1\/index.php\/teenused\/","title":{"rendered":"Teenused"},"content":{"rendered":"<div class=\"et_pb_section_0 et_pb_section et_section_regular et_block_section preset--module--divi-section--_module_preset=\"><div class=\"et_pb_row_0 et_pb_row et_pb_gutters3 et_block_row preset--module--divi-row--5138c454-be54-4233-bd3b-f8e6a8747976\"><div class=\"et_pb_column_0 et_pb_column et_pb_column_2_3 et_block_column et_pb_css_mix_blend_mode_passthrough preset--module--divi-column--73121f80-a3ef-4484-8763-c3f18e3c56d2\"><div class=\"et_pb_heading_0 et_pb_heading et_pb_module et_flex_module preset--module--divi-heading--f0c675ea-2574-4d0e-b725-30f8550a8550\"><div class=\"et_pb_heading_container\"><h4 class=\"et_pb_module_header\">Teenused, mis viivad Teie projektid uuele tasemele<\/h4><\/div><\/div><div class=\"et_pb_heading_1 et_pb_heading et_pb_module et_flex_module preset--module--divi-heading--ddeb8c09-9078-4424-bc15-2efb6572e28e\"><div class=\"et_pb_heading_container\"><h1 class=\"et_pb_module_header\">Kaevet\u00f6\u00f6d ja Ehitusteenused L\u00f5una-Eestis<\/h1><\/div><\/div><div class=\"et_pb_text_0 et_pb_text et_pb_bg_layout_light et_pb_module et_flex_module preset--module--divi-text--0504de1e-f5ff-4281-ba60-cbbe4edf98bc\"><div class=\"et_pb_text_inner\"><p>Avastage meie laiaulatuslikud kaevet\u00f6\u00f6de ja ehitusteenuste lahendused, mis on loodud Teie projektide edukaks elluviimiseks.<\/p>\n<\/div><\/div><div class=\"et_pb_module et_pb_button_module_wrapper et_pb_button_0_wrapper preset--module--divi-button--ab15fb74-61a3-43aa-96b3-41e09aeef654_wrapper\"><a class=\"et_pb_button_0 et_pb_button et_pb_bg_layout_light et_pb_module et_flex_module preset--module--divi-button--ab15fb74-61a3-43aa-96b3-41e09aeef654\" href=\"\">Tutvu Teenustega<\/a><\/div><\/div><div class=\"et_pb_column_1 et_pb_column et_pb_column_1_3 et-last-child et_block_column et_pb_column_empty et_pb_css_mix_blend_mode_passthrough preset--module--divi-column--73121f80-a3ef-4484-8763-c3f18e3c56d2\"><\/div><\/div><\/div><div class=\"et_pb_section_1 et_pb_section et_section_regular et_block_section\"><div class=\"et_pb_row_1 et_pb_row et_pb_gutters3 et_block_row preset--module--divi-row--5138c454-be54-4233-bd3b-f8e6a8747976\"><div class=\"et_pb_column_2 et_pb_column et_pb_column_4_4 et-last-child et_block_column et_pb_css_mix_blend_mode_passthrough preset--module--divi-column--73121f80-a3ef-4484-8763-c3f18e3c56d2\"><div class=\"et_pb_heading_2 et_pb_heading et_pb_module et_flex_module preset--module--divi-heading--c33f07d9-41e0-421a-8799-5799df695cce\"><div class=\"et_pb_heading_container\"><h2 class=\"et_pb_module_header\">Meie Teenused<\/h2><\/div><\/div><\/div><\/div><div class=\"et_pb_row_2 et_pb_row et_pb_equal_columns et_pb_gutters3 et_block_row preset--module--divi-row--5138c454-be54-4233-bd3b-f8e6a8747976\"><div class=\"et_pb_column_3 et_pb_column et_pb_column_1_3 et_block_column et_pb_css_mix_blend_mode_passthrough preset--module--divi-column--50607da8-57bc-4d4b-aaef-f02e41c2cc4a\"><div class=\"et_pb_blurb_0 et_pb_blurb et_pb_bg_layout_light et_pb_text_align_center et_pb_blurb_position_top et_pb_module et_flex_module preset--module--divi-blurb--212b201d-2c34-41bd-936c-851b7357d08b\"><div class=\"et_pb_blurb_content et_flex_module\"><div class=\"et_pb_main_blurb_image\"><span class=\"et_pb_image_wrap\"><span class=\"et-pb-icon et-waypoint et_pb_animation_off et_pb_animation_off_tablet et_pb_animation_off_phone\">\uf785<\/span><\/span><\/div><div class=\"et_pb_blurb_container\"><h4 class=\"et_pb_module_header\">Haljastusprojektid<\/h4><div class=\"et_pb_blurb_description\"><p>Pakkume terviklikke haljastuslahendusi, alates pinnase ettevalmistamisest kuni l\u00f5pliku kujunduseni, et luua kaunid ja funktsionaalsed v\u00e4liruumid.<\/p>\n<\/div><\/div><\/div><\/div><\/div><div class=\"et_pb_column_4 et_pb_column et_pb_column_1_3 et_block_column et_pb_css_mix_blend_mode_passthrough preset--module--divi-column--50607da8-57bc-4d4b-aaef-f02e41c2cc4a\"><div class=\"et_pb_blurb_1 et_pb_blurb et_pb_bg_layout_light et_pb_text_align_center et_pb_blurb_position_top et_pb_module et_flex_module preset--module--divi-blurb--212b201d-2c34-41bd-936c-851b7357d08b\"><div class=\"et_pb_blurb_content et_flex_module\"><div class=\"et_pb_main_blurb_image\"><span class=\"et_pb_image_wrap\"><span class=\"et-pb-icon et-waypoint et_pb_animation_off et_pb_animation_off_tablet et_pb_animation_off_phone\">\uf7d9<\/span><\/span><\/div><div class=\"et_pb_blurb_container\"><h4 class=\"et_pb_module_header\">Tehnos\u00fcsteemide Paigaldus<\/h4><div class=\"et_pb_blurb_description\"><p>Meie eksperdid paigaldavad keerukaid tehnos\u00fcsteeme, tagades nende t\u00f5rgeteta toimimise ja vastupidavuse.<\/p>\n<\/div><\/div><\/div><\/div><\/div><div class=\"et_pb_column_5 et_pb_column et_pb_column_1_3 et-last-child et_block_column et_pb_css_mix_blend_mode_passthrough preset--module--divi-column--50607da8-57bc-4d4b-aaef-f02e41c2cc4a\"><div class=\"et_pb_blurb_2 et_pb_blurb et_pb_bg_layout_light et_pb_text_align_center et_pb_blurb_position_top et_pb_module et_flex_module preset--module--divi-blurb--212b201d-2c34-41bd-936c-851b7357d08b\"><div class=\"et_pb_blurb_content et_flex_module\"><div class=\"et_pb_main_blurb_image\"><span class=\"et_pb_image_wrap\"><span class=\"et-pb-icon et-waypoint et_pb_animation_off et_pb_animation_off_tablet et_pb_animation_off_phone\">\uf6d9<\/span><\/span><\/div><div class=\"et_pb_blurb_container\"><h4 class=\"et_pb_module_header\">Infrastruktuuri Arendus<\/h4><div class=\"et_pb_blurb_description\"><p>Pakume infrastruktuuri arendusteenuseid, mis h\u00f5lmavad teede, drenaa\u017eis\u00fcsteemide ja muude oluliste rajatiste ehitust.<\/p>\n<\/div><\/div><\/div><\/div><\/div><\/div><\/div><div class=\"et_pb_section_2 et_pb_section et_section_regular et_block_section\"><div class=\"et_pb_row_3 et_pb_row et_pb_gutters3 et_block_row preset--module--divi-row--5138c454-be54-4233-bd3b-f8e6a8747976\"><div class=\"et_pb_column_6 et_pb_column et_pb_column_1_2 et_block_column et_pb_css_mix_blend_mode_passthrough preset--module--divi-column--73121f80-a3ef-4484-8763-c3f18e3c56d2\"><div class=\"et_pb_image_0 et_pb_image et_pb_module et_flex_module preset--module--divi-image--6ed8fd5c-62c5-4100-98c3-7b8b6d2c2ee6\"><span class=\"et_pb_image_wrap\"><img decoding=\"async\" src=\"https:\/\/kodulehed.ir.ee\/elegant1\/wp-content\/uploads\/2026\/03\/0-e56f1469-1e6c-4b05-8256-8f55621803f7-1000x600.jpg\" title=\"1080x600\" \/><\/span><\/div><\/div><div class=\"et_pb_column_7 et_pb_column et_pb_column_1_2 et-last-child et_block_column et_pb_css_mix_blend_mode_passthrough preset--module--divi-column--73121f80-a3ef-4484-8763-c3f18e3c56d2\"><div class=\"et_pb_heading_3 et_pb_heading et_pb_module et_flex_module preset--module--divi-heading--c33f07d9-41e0-421a-8799-5799df695cce\"><div class=\"et_pb_heading_container\"><h2 class=\"et_pb_module_header\">Haljastusprojektide Lahendused<\/h2><\/div><\/div><div class=\"et_pb_text_1 et_pb_text et_pb_bg_layout_light et_pb_module et_flex_module preset--module--divi-text--2c55a9c4-feed-423b-9edb-ae0b5b365cac\"><div class=\"et_pb_text_inner\"><p>Meie haljastusprojektid h\u00f5lmavad mitmesuguseid teenuseid, sealhulgas muru rajamine, kiviktaimlate loomine ja veesilmade paigaldus. Kasutame kaasaegseid tehnikaid ja kvaliteetseid materjale, et tagada vastupidav ja esteetiliselt meeldiv tulemus. Iga projekt on kohandatud vastavalt kliendi soovidele ja keskkonna erip\u00e4radele, et saavutada parim v\u00f5imalik tulemus.<\/p>\n<\/div><\/div><div class=\"et_pb_module et_pb_button_module_wrapper et_pb_button_1_wrapper preset--module--divi-button--1bffc0fc-42a0-49d1-bd9a-ae3ade2d7206_wrapper\"><a class=\"et_pb_button_1 et_pb_button et_pb_bg_layout_light et_pb_module et_flex_module preset--module--divi-button--1bffc0fc-42a0-49d1-bd9a-ae3ade2d7206\" href=\"\">Vaata Projekte<\/a><\/div><\/div><\/div><div class=\"et_pb_row_4 et_pb_row et_pb_gutters3 et_block_row preset--module--divi-row--5138c454-be54-4233-bd3b-f8e6a8747976\"><div class=\"et_pb_column_8 et_pb_column et_pb_column_1_2 et_block_column et_pb_css_mix_blend_mode_passthrough preset--module--divi-column--73121f80-a3ef-4484-8763-c3f18e3c56d2\"><div class=\"et_pb_heading_4 et_pb_heading et_pb_module et_flex_module preset--module--divi-heading--c33f07d9-41e0-421a-8799-5799df695cce\"><div class=\"et_pb_heading_container\"><h2 class=\"et_pb_module_header\">Kvaliteetne ja Usaldusv\u00e4\u00e4rne Teenus<\/h2><\/div><\/div><div class=\"et_pb_text_2 et_pb_text et_pb_bg_layout_light et_pb_module et_flex_module preset--module--divi-text--2c55a9c4-feed-423b-9edb-ae0b5b365cac\"><div class=\"et_pb_text_inner\"><p>Kaevet\u00f6\u00f6d24 on p\u00fchendunud pakkuma kvaliteetseid ja usaldusv\u00e4\u00e4rseid teenuseid, mis vastavad k\u00f5rgeimatele standarditele. Meie meeskond t\u00f6\u00f6tab tihedas koost\u00f6\u00f6s klientidega, et m\u00f5ista nende vajadusi ja pakkuda kohandatud lahendusi. Oleme uhked oma t\u00f6\u00f6 t\u00e4psuse ja efektiivsuse \u00fcle, mis tagab klientide rahulolu ja projektide eduka l\u00f5puleviimise.<\/p>\n<\/div><\/div><div class=\"et_pb_module et_pb_button_module_wrapper et_pb_button_2_wrapper preset--module--divi-button--1bffc0fc-42a0-49d1-bd9a-ae3ade2d7206_wrapper\"><a class=\"et_pb_button_2 et_pb_button et_pb_bg_layout_light et_pb_module et_flex_module preset--module--divi-button--1bffc0fc-42a0-49d1-bd9a-ae3ade2d7206\" href=\"\">Uuri Rohkem<\/a><\/div><\/div><div class=\"et_pb_column_9 et_pb_column et_pb_column_1_2 et-last-child et_block_column et_pb_css_mix_blend_mode_passthrough preset--module--divi-column--73121f80-a3ef-4484-8763-c3f18e3c56d2\"><div class=\"et_pb_image_1 et_pb_image et_pb_module et_flex_module preset--module--divi-image--6ed8fd5c-62c5-4100-98c3-7b8b6d2c2ee6\"><span class=\"et_pb_image_wrap\"><img decoding=\"async\" src=\"https:\/\/kodulehed.ir.ee\/elegant1\/wp-content\/uploads\/2026\/03\/0-43daa99b-ada5-42dc-b8a1-908bf23321fc-1000x600.jpg\" title=\"1080x600\" \/><\/span><\/div><\/div><\/div><\/div><div class=\"et_pb_section_3 et_pb_section et_section_regular et_block_section\"><div class=\"et_pb_row_5 et_pb_row et_pb_gutters3 et_block_row preset--module--divi-row--5138c454-be54-4233-bd3b-f8e6a8747976\"><div class=\"et_pb_column_10 et_pb_column et_pb_column_4_4 et-last-child et_block_column et_pb_css_mix_blend_mode_passthrough preset--module--divi-column--73121f80-a3ef-4484-8763-c3f18e3c56d2\"><div class=\"et_pb_heading_5 et_pb_heading et_pb_module et_flex_module preset--module--divi-heading--c33f07d9-41e0-421a-8799-5799df695cce\"><div class=\"et_pb_heading_container\"><h2 class=\"et_pb_module_header\">Keerukad Tehnos\u00fcsteemid<\/h2><\/div><\/div><div class=\"et_pb_image_2 et_pb_image et_pb_module et_flex_module preset--module--divi-image--6ed8fd5c-62c5-4100-98c3-7b8b6d2c2ee6\"><span class=\"et_pb_image_wrap\"><img decoding=\"async\" src=\"https:\/\/kodulehed.ir.ee\/elegant1\/wp-content\/uploads\/2026\/03\/0-c0da75ff-2629-4207-8053-010c13c0bb75-1000x600.jpg\" title=\"1080x600\" \/><\/span><\/div><div class=\"et_pb_text_3 et_pb_text et_pb_bg_layout_light et_pb_module et_flex_module et_pb_text_align_center preset--module--divi-text--2c55a9c4-feed-423b-9edb-ae0b5b365cac\"><div class=\"et_pb_text_inner\"><p>Kaevet\u00f6\u00f6d24 on spetsialiseerunud keerukate tehnos\u00fcsteemide paigaldamisele ja hooldusele, pakkudes lahendusi, mis vastavad k\u00f5rgeimatele standarditele. Meie eksperdid tagavad, et k\u00f5ik s\u00fcsteemid, alates vee- ja kanalisatsiooniv\u00f5rkudest kuni elektri- ja sidekaabliteni, on paigaldatud t\u00e4pselt ja t\u00f5husalt. Meie l\u00e4henemine keskendub kvaliteedile ja usaldusv\u00e4\u00e4rsusele, et tagada s\u00fcsteemide pikaajaline toimivus ja vastupidavus.<\/p>\n<\/div><\/div><\/div><\/div><\/div><div class=\"et_pb_section_4 et_pb_section et_section_regular et_block_section\"><div class=\"et_pb_row_6 et_pb_row et_pb_gutters3 et_block_row preset--module--divi-row--5138c454-be54-4233-bd3b-f8e6a8747976\"><div class=\"et_pb_column_11 et_pb_column et_pb_column_2_5 et_block_column et_pb_css_mix_blend_mode_passthrough preset--module--divi-column--73121f80-a3ef-4484-8763-c3f18e3c56d2\"><div class=\"et_pb_heading_6 et_pb_heading et_pb_module et_flex_module preset--module--divi-heading--f0c675ea-2574-4d0e-b725-30f8550a8550\"><div class=\"et_pb_heading_container\"><h4 class=\"et_pb_module_header\">Infrastruktuuri Arendamine<\/h4><\/div><\/div><div class=\"et_pb_heading_7 et_pb_heading et_pb_module et_flex_module preset--module--divi-heading--c33f07d9-41e0-421a-8799-5799df695cce\"><div class=\"et_pb_heading_container\"><h2 class=\"et_pb_module_header\">T\u00e4htsus ja Teenused<\/h2><\/div><\/div><div class=\"et_pb_text_4 et_pb_text et_pb_bg_layout_light et_pb_module et_flex_module preset--module--divi-text--2c55a9c4-feed-423b-9edb-ae0b5b365cac\"><div class=\"et_pb_text_inner\"><p>Infrastruktuuri arendamine on Kaevet\u00f6\u00f6d24 \u00fcks peamisi teenuseid, mis h\u00f5lmab teede, sildade ja muude oluliste rajatiste ehitust. Meie meeskond m\u00f5istab, kui oluline on tugev ja usaldusv\u00e4\u00e4rne infrastruktuur kogukonna arengu ja majanduskasvu toetamiseks. Kasutades kaasaegseid tehnoloogiaid ja meetodeid, loome lahendusi, mis vastavad nii kohalikele kui ka rahvusvahelistele standarditele.<\/p>\n<\/div><\/div><\/div><div class=\"et_pb_column_12 et_pb_column et_pb_column_3_5 et-last-child et_block_column et_pb_css_mix_blend_mode_passthrough preset--module--divi-column--73121f80-a3ef-4484-8763-c3f18e3c56d2\"><div class=\"et_pb_image_3 et_pb_image et_pb_module et_flex_module preset--module--divi-image--6ed8fd5c-62c5-4100-98c3-7b8b6d2c2ee6\"><span class=\"et_pb_image_wrap\"><img decoding=\"async\" src=\"https:\/\/kodulehed.ir.ee\/elegant1\/wp-content\/uploads\/2026\/03\/0-29add3a4-88e3-446e-8862-d79170f35c69-800x600.jpg\" title=\"800x600\" \/><\/span><\/div><\/div><\/div><\/div><div class=\"et_pb_section_5 et_pb_section et_section_regular et_block_section\"><div class=\"et_pb_row_7 et_pb_row et_pb_gutters3 et_block_row\"><div class=\"et_pb_column_13 et_pb_column et_pb_column_4_4 et-last-child et_block_column et_pb_css_mix_blend_mode_passthrough\"><div class=\"et_pb_heading_8 et_pb_heading et_pb_module et_flex_module preset--module--divi-heading--c33f07d9-41e0-421a-8799-5799df695cce\"><div class=\"et_pb_heading_container\"><h2 class=\"et_pb_module_header\">Tehtud T\u00f6\u00f6de N\u00e4ited<\/h2><\/div><\/div><div class=\"et_pb_filterable_portfolio_0 et_pb_filterable_portfolio et_pb_bg_layout_light et_pb_portfolio et_pb_module preset--module--divi-filterable-portfolio--8a3ce21b-59d8-437f-b389-fdd80d4b5de7\" data-posts-number=\"12\"><div class=\"entry\">\n\t<h1 class=\"not-found-title\">No Results Found<\/h1>\n\t<p>The page you requested could not be found. Try refining your search, or use the navigation above to locate the post.<\/p>\n<\/div>\n<\/div><\/div><\/div><\/div><div class=\"et_pb_section_6 et_pb_section et_section_regular et_block_section\"><div class=\"et_pb_row_8 et_pb_row et_pb_gutters3 et_block_row preset--module--divi-row--5138c454-be54-4233-bd3b-f8e6a8747976\"><div class=\"et_pb_column_14 et_pb_column et_pb_column_1_2 et_block_column et_pb_css_mix_blend_mode_passthrough preset--module--divi-column--73121f80-a3ef-4484-8763-c3f18e3c56d2\"><div class=\"et_pb_heading_9 et_pb_heading et_pb_module et_flex_module preset--module--divi-heading--c33f07d9-41e0-421a-8799-5799df695cce\"><div class=\"et_pb_heading_container\"><h2 class=\"et_pb_module_header\">V\u00f5tke Meiega \u00dchendust<\/h2><\/div><\/div><div class=\"et_pb_blurb_3 et_pb_blurb et_pb_bg_layout_light et_pb_text_align_left et_pb_blurb_position_top et_pb_module et_flex_module ai_ignore_all preset--module--divi-blurb--1d431978-603a-4044-b96b-3cc1d9396512\"><div class=\"et_pb_blurb_content et_flex_module\"><div class=\"et_pb_main_blurb_image\"><span class=\"et_pb_image_wrap\"><span class=\"et-pb-icon et-waypoint et_pb_animation_top et_pb_animation_top_tablet et_pb_animation_top_phone\">\uf3c5<\/span><\/span><\/div><div class=\"et_pb_blurb_container\"><h4 class=\"et_pb_module_header\">Address<\/h4><div class=\"et_pb_blurb_description\"><p>Kaevet\u00f6\u00f6d24, Tartu mnt 45, Tartu, 51014<\/p>\n<\/div><\/div><\/div><\/div><div class=\"et_pb_blurb_4 et_pb_blurb et_pb_bg_layout_light et_pb_text_align_left et_pb_blurb_position_top et_pb_module et_flex_module ai_ignore_all preset--module--divi-blurb--1d431978-603a-4044-b96b-3cc1d9396512\"><div class=\"et_pb_blurb_content et_flex_module\"><div class=\"et_pb_main_blurb_image\"><span class=\"et_pb_image_wrap\"><span class=\"et-pb-icon et-waypoint et_pb_animation_top et_pb_animation_top_tablet et_pb_animation_top_phone\">\uf0e0<\/span><\/span><\/div><div class=\"et_pb_blurb_container\"><h4 class=\"et_pb_module_header\">Email<\/h4><div class=\"et_pb_blurb_description\"><p><a href=\"mailto:#\">info@kaevetood24.ee<\/a><\/p>\n<\/div><\/div><\/div><\/div><\/div><div class=\"et_pb_column_15 et_pb_column et_pb_column_1_2 et-last-child et_block_column et_pb_css_mix_blend_mode_passthrough preset--module--divi-column--50607da8-57bc-4d4b-aaef-f02e41c2cc4a\"><div class=\"et_pb_contact_form_0 et_pb_contact_form_container clearfix et_pb_module et_flex_module preset--module--divi-contact-form--347de7c5-8eec-4fb2-89ad-e07c220a4ead\" data-form_unique_num=\"0\" data-form_unique_id=\"7067d836e5cc6b8d0df5f1ee01accc26\" id=\"et_pb_contact_form_7067d836e5cc6b8d0df5f1ee01accc26\"><div class=\"et-pb-contact-message\"><\/div><div class=\"et_pb_contact\"><form class=\"et_pb_contact_form et_flex_module\" method=\"post\" action=\"https:\/\/kodulehed.ir.ee\/elegant1\/index.php\/wp-json\/wp\/v2\/pages\/27\"><div class=\"et_pb_contact_field_0 et_pb_contact_field et_pb_module et_flex_module et_flex_column_24_24\" data-id=\"name\" data-type=\"input\"><label class=\"et_pb_contact_form_label\">Name<\/label><input type=\"text\" name=\"et_pb_contact_0_name_0\" id=\"et_pb_contact_0_name_0\" class=\"input\" data-required_mark=\"required\" data-field_type=\"input\" data-original_id=\"name\" placeholder=\"Name\" title=\"\" value=\"\" \/><\/div><div class=\"et_pb_contact_field_1 et_pb_contact_field et_pb_module et_flex_module et_flex_column_24_24\" data-id=\"email\" data-type=\"email\"><label class=\"et_pb_contact_form_label\">Email Address<\/label><input type=\"text\" name=\"et_pb_contact_0_email_1\" id=\"et_pb_contact_0_email_1\" class=\"input\" data-required_mark=\"required\" data-field_type=\"email\" data-original_id=\"email\" placeholder=\"Email Address\" title=\"\" value=\"\" \/><\/div><div class=\"et_pb_contact_field_2 et_pb_contact_field et_pb_module et_flex_module et_flex_column_24_24\" data-id=\"message\" data-type=\"text\"><label class=\"et_pb_contact_form_label\">Message<\/label><textarea name=\"et_pb_contact_0_message_2\" id=\"et_pb_contact_0_message_2\" class=\"et_pb_contact_message input\" data-required_mark=\"required\" data-field_type=\"text\" data-original_id=\"message\" placeholder=\"Message\"><\/textarea><\/div><input type=\"hidden\" name=\"et_pb_contactform_submit_7067d836e5cc6b8d0df5f1ee01accc26\" value=\"et_contact_proccess\" \/><div class=\"et_contact_bottom_container\"><div class=\"et_pb_button_wrapper\"><button type=\"submit\" name=\"et_builder_submit_button\" class=\"et_pb_button et_pb_contact_submit\">Submit<\/button><\/div><\/div><input type=\"hidden\" id=\"_wpnonce-et-pb-contact-form-submitted-7067d836e5cc6b8d0df5f1ee01accc26\" name=\"_wpnonce-et-pb-contact-form-submitted-7067d836e5cc6b8d0df5f1ee01accc26\" value=\"e68736d6a8\" \/><input type=\"hidden\" name=\"_wp_http_referer\" value=\"\/elegant1\/index.php\/wp-json\/wp\/v2\/pages\/27\" \/><\/form><\/div><\/div><\/div><\/div><\/div>","protected":false},"excerpt":{"rendered":"","protected":false},"author":1,"featured_media":0,"parent":0,"menu_order":0,"comment_status":"closed","ping_status":"closed","template":"","meta":{"footnotes":""},"class_list":["post-27","page","type-page","status-publish","hentry"],"_links":{"self":[{"href":"https:\/\/kodulehed.ir.ee\/elegant1\/index.php\/wp-json\/wp\/v2\/pages\/27","targetHints":{"allow":["GET"]}}],"collection":[{"href":"https:\/\/kodulehed.ir.ee\/elegant1\/index.php\/wp-json\/wp\/v2\/pages"}],"about":[{"href":"https:\/\/kodulehed.ir.ee\/elegant1\/index.php\/wp-json\/wp\/v2\/types\/page"}],"author":[{"embeddable":true,"href":"https:\/\/kodulehed.ir.ee\/elegant1\/index.php\/wp-json\/wp\/v2\/users\/1"}],"replies":[{"embeddable":true,"href":"https:\/\/kodulehed.ir.ee\/elegant1\/index.php\/wp-json\/wp\/v2\/comments?post=27"}],"version-history":[{"count":1,"href":"https:\/\/kodulehed.ir.ee\/elegant1\/index.php\/wp-json\/wp\/v2\/pages\/27\/revisions"}],"predecessor-version":[{"id":72,"href":"https:\/\/kodulehed.ir.ee\/elegant1\/index.php\/wp-json\/wp\/v2\/pages\/27\/revisions\/72"}],"wp:attachment":[{"href":"https:\/\/kodulehed.ir.ee\/elegant1\/index.php\/wp-json\/wp\/v2\/media?parent=27"}],"curies":[{"name":"wp","href":"https:\/\/api.w.org\/{rel}","templated":true}]}}