{"id":18058,"date":"2024-04-25T15:36:56","date_gmt":"2024-04-25T12:36:56","guid":{"rendered":"https:\/\/kodulehed.ir.ee\/mikk\/mainpage\/"},"modified":"2024-04-25T15:37:13","modified_gmt":"2024-04-25T12:37:13","slug":"mainpage","status":"publish","type":"page","link":"https:\/\/kodulehed.ir.ee\/demo8\/","title":{"rendered":"Mainpage"},"content":{"rendered":"","protected":false},"excerpt":{"rendered":"","protected":false},"author":10,"featured_media":0,"parent":0,"menu_order":0,"comment_status":"closed","ping_status":"closed","template":"page-templates\/page-blank.php","meta":{"footnotes":""},"class_list":["post-18058","page","type-page","status-publish","hentry"],"yoast_head":"<!-- This site is optimized with the Yoast SEO plugin v27.3 - https:\/\/yoast.com\/product\/yoast-seo-wordpress\/ -->\n<title>Tark majandamine, j\u00e4tkusuutlik tulevik. - TERATERM O\u00dc<\/title>\n<meta name=\"description\" content=\"Firma tegeleb metsamaa ostmise, hindamise ja m\u00fc\u00fcgiga, pakkudes ekspertteenuseid raie\u00f5iguste hindamisel. Samuti juhendab klienti metsandusturu keerukuses ning aitab maksimeerida nii majanduslikku kui ka \u00f6koloogilist v\u00e4\u00e4rtust.\" \/>\n<meta name=\"robots\" content=\"index, follow, max-snippet:-1, max-image-preview:large, max-video-preview:-1\" \/>\n<link rel=\"canonical\" href=\"https:\/\/kodulehed.ir.ee\/demo8\/\" \/>\n<meta property=\"og:locale\" content=\"et_EE\" \/>\n<meta property=\"og:type\" content=\"article\" \/>\n<meta property=\"og:title\" content=\"Tark majandamine, j\u00e4tkusuutlik tulevik. - TERATERM O\u00dc\" \/>\n<meta property=\"og:description\" content=\"Firma tegeleb metsamaa ostmise, hindamise ja m\u00fc\u00fcgiga, pakkudes ekspertteenuseid raie\u00f5iguste hindamisel. Samuti juhendab klienti metsandusturu keerukuses ning aitab maksimeerida nii majanduslikku kui ka \u00f6koloogilist v\u00e4\u00e4rtust.\" \/>\n<meta property=\"og:url\" content=\"https:\/\/kodulehed.ir.ee\/demo8\/\" \/>\n<meta property=\"og:site_name\" content=\"TERATERM O\u00dc\" \/>\n<meta property=\"article:modified_time\" content=\"2024-04-25T12:37:13+00:00\" \/>\n<meta property=\"og:image\" content=\"https:\/\/kodulehed.ir.ee\/demo8\/wp-content\/uploads\/2025\/11\/aerial-top-view-of-summer-green-trees-and-road-in-2025-03-31-04-25-05-utc.jpg-scaled.webp\" \/>\n<meta name=\"twitter:card\" content=\"summary_large_image\" \/>\n<script type=\"application\/ld+json\" class=\"yoast-schema-graph\">{\"@context\":\"https:\\\/\\\/schema.org\",\"@graph\":[{\"@type\":\"WebPage\",\"@id\":\"https:\\\/\\\/kodulehed.ir.ee\\\/demo8\\\/\",\"url\":\"https:\\\/\\\/kodulehed.ir.ee\\\/demo8\\\/\",\"name\":\"Tark majandamine, j\u00e4tkusuutlik tulevik. - TERATERM O\u00dc\",\"isPartOf\":{\"@id\":\"https:\\\/\\\/kodulehed.ir.ee\\\/demo8\\\/#website\"},\"datePublished\":\"2024-04-25T12:36:56+00:00\",\"dateModified\":\"2024-04-25T12:37:13+00:00\",\"description\":\"Firma tegeleb metsamaa ostmise, hindamise ja m\u00fc\u00fcgiga, pakkudes ekspertteenuseid raie\u00f5iguste hindamisel. Samuti juhendab klienti metsandusturu keerukuses ning aitab maksimeerida nii majanduslikku kui ka \u00f6koloogilist v\u00e4\u00e4rtust.\",\"breadcrumb\":{\"@id\":\"https:\\\/\\\/kodulehed.ir.ee\\\/demo8\\\/#breadcrumb\"},\"inLanguage\":\"et\",\"potentialAction\":[{\"@type\":\"ReadAction\",\"target\":[\"https:\\\/\\\/kodulehed.ir.ee\\\/demo8\\\/\"]}]},{\"@type\":\"BreadcrumbList\",\"@id\":\"https:\\\/\\\/kodulehed.ir.ee\\\/demo8\\\/#breadcrumb\",\"itemListElement\":[{\"@type\":\"ListItem\",\"position\":1,\"name\":\"Avaleht\",\"item\":\"https:\\\/\\\/kodulehed.ir.ee\\\/demo8\\\/\"},{\"@type\":\"ListItem\",\"position\":2,\"name\":\"Mainpage\"}]},{\"@type\":\"WebSite\",\"@id\":\"https:\\\/\\\/kodulehed.ir.ee\\\/demo8\\\/#website\",\"url\":\"https:\\\/\\\/kodulehed.ir.ee\\\/demo8\\\/\",\"name\":\"Teema0\",\"description\":\"Tark majandamine, j\u00e4tkusuutlik tulevik.\",\"publisher\":{\"@id\":\"https:\\\/\\\/kodulehed.ir.ee\\\/demo8\\\/#organization\"},\"potentialAction\":[{\"@type\":\"SearchAction\",\"target\":{\"@type\":\"EntryPoint\",\"urlTemplate\":\"https:\\\/\\\/kodulehed.ir.ee\\\/demo8\\\/?s={search_term_string}\"},\"query-input\":{\"@type\":\"PropertyValueSpecification\",\"valueRequired\":true,\"valueName\":\"search_term_string\"}}],\"inLanguage\":\"et\"},{\"@type\":\"Organization\",\"@id\":\"https:\\\/\\\/kodulehed.ir.ee\\\/demo8\\\/#organization\",\"name\":\"IMA O\u00dc\",\"url\":\"https:\\\/\\\/kodulehed.ir.ee\\\/demo8\\\/\",\"logo\":{\"@type\":\"ImageObject\",\"inLanguage\":\"et\",\"@id\":\"https:\\\/\\\/kodulehed.ir.ee\\\/demo8\\\/#\\\/schema\\\/logo\\\/image\\\/\",\"url\":\"https:\\\/\\\/kodulehed.ir.ee\\\/demo8\\\/wp-content\\\/uploads\\\/2025\\\/11\\\/10961462_TERATERM-OU_64359637_a_m.png\",\"contentUrl\":\"https:\\\/\\\/kodulehed.ir.ee\\\/demo8\\\/wp-content\\\/uploads\\\/2025\\\/11\\\/10961462_TERATERM-OU_64359637_a_m.png\",\"width\":180,\"height\":180,\"caption\":\"IMA O\u00dc\"},\"image\":{\"@id\":\"https:\\\/\\\/kodulehed.ir.ee\\\/demo8\\\/#\\\/schema\\\/logo\\\/image\\\/\"}}]}<\/script>\n<!-- \/ Yoast SEO plugin. -->","yoast_head_json":{"title":"Tark majandamine, j\u00e4tkusuutlik tulevik. - TERATERM O\u00dc","description":"Firma tegeleb metsamaa ostmise, hindamise ja m\u00fc\u00fcgiga, pakkudes ekspertteenuseid raie\u00f5iguste hindamisel. Samuti juhendab klienti metsandusturu keerukuses ning aitab maksimeerida nii majanduslikku kui ka \u00f6koloogilist v\u00e4\u00e4rtust.","robots":{"index":"index","follow":"follow","max-snippet":"max-snippet:-1","max-image-preview":"max-image-preview:large","max-video-preview":"max-video-preview:-1"},"canonical":"https:\/\/kodulehed.ir.ee\/demo8\/","og_locale":"et_EE","og_type":"article","og_title":"Tark majandamine, j\u00e4tkusuutlik tulevik. - TERATERM O\u00dc","og_description":"Firma tegeleb metsamaa ostmise, hindamise ja m\u00fc\u00fcgiga, pakkudes ekspertteenuseid raie\u00f5iguste hindamisel. Samuti juhendab klienti metsandusturu keerukuses ning aitab maksimeerida nii majanduslikku kui ka \u00f6koloogilist v\u00e4\u00e4rtust.","og_url":"https:\/\/kodulehed.ir.ee\/demo8\/","og_site_name":"TERATERM O\u00dc","article_modified_time":"2024-04-25T12:37:13+00:00","og_image":[{"url":"https:\/\/kodulehed.ir.ee\/demo8\/wp-content\/uploads\/2025\/11\/aerial-top-view-of-summer-green-trees-and-road-in-2025-03-31-04-25-05-utc.jpg-scaled.webp","type":"","width":"","height":""}],"twitter_card":"summary_large_image","schema":{"@context":"https:\/\/schema.org","@graph":[{"@type":"WebPage","@id":"https:\/\/kodulehed.ir.ee\/demo8\/","url":"https:\/\/kodulehed.ir.ee\/demo8\/","name":"Tark majandamine, j\u00e4tkusuutlik tulevik. - TERATERM O\u00dc","isPartOf":{"@id":"https:\/\/kodulehed.ir.ee\/demo8\/#website"},"datePublished":"2024-04-25T12:36:56+00:00","dateModified":"2024-04-25T12:37:13+00:00","description":"Firma tegeleb metsamaa ostmise, hindamise ja m\u00fc\u00fcgiga, pakkudes ekspertteenuseid raie\u00f5iguste hindamisel. Samuti juhendab klienti metsandusturu keerukuses ning aitab maksimeerida nii majanduslikku kui ka \u00f6koloogilist v\u00e4\u00e4rtust.","breadcrumb":{"@id":"https:\/\/kodulehed.ir.ee\/demo8\/#breadcrumb"},"inLanguage":"et","potentialAction":[{"@type":"ReadAction","target":["https:\/\/kodulehed.ir.ee\/demo8\/"]}]},{"@type":"BreadcrumbList","@id":"https:\/\/kodulehed.ir.ee\/demo8\/#breadcrumb","itemListElement":[{"@type":"ListItem","position":1,"name":"Avaleht","item":"https:\/\/kodulehed.ir.ee\/demo8\/"},{"@type":"ListItem","position":2,"name":"Mainpage"}]},{"@type":"WebSite","@id":"https:\/\/kodulehed.ir.ee\/demo8\/#website","url":"https:\/\/kodulehed.ir.ee\/demo8\/","name":"Teema0","description":"Tark majandamine, j\u00e4tkusuutlik tulevik.","publisher":{"@id":"https:\/\/kodulehed.ir.ee\/demo8\/#organization"},"potentialAction":[{"@type":"SearchAction","target":{"@type":"EntryPoint","urlTemplate":"https:\/\/kodulehed.ir.ee\/demo8\/?s={search_term_string}"},"query-input":{"@type":"PropertyValueSpecification","valueRequired":true,"valueName":"search_term_string"}}],"inLanguage":"et"},{"@type":"Organization","@id":"https:\/\/kodulehed.ir.ee\/demo8\/#organization","name":"IMA O\u00dc","url":"https:\/\/kodulehed.ir.ee\/demo8\/","logo":{"@type":"ImageObject","inLanguage":"et","@id":"https:\/\/kodulehed.ir.ee\/demo8\/#\/schema\/logo\/image\/","url":"https:\/\/kodulehed.ir.ee\/demo8\/wp-content\/uploads\/2025\/11\/10961462_TERATERM-OU_64359637_a_m.png","contentUrl":"https:\/\/kodulehed.ir.ee\/demo8\/wp-content\/uploads\/2025\/11\/10961462_TERATERM-OU_64359637_a_m.png","width":180,"height":180,"caption":"IMA O\u00dc"},"image":{"@id":"https:\/\/kodulehed.ir.ee\/demo8\/#\/schema\/logo\/image\/"}}]}},"_links":{"self":[{"href":"https:\/\/kodulehed.ir.ee\/demo8\/wp-json\/wp\/v2\/pages\/18058","targetHints":{"allow":["GET"]}}],"collection":[{"href":"https:\/\/kodulehed.ir.ee\/demo8\/wp-json\/wp\/v2\/pages"}],"about":[{"href":"https:\/\/kodulehed.ir.ee\/demo8\/wp-json\/wp\/v2\/types\/page"}],"author":[{"embeddable":true,"href":"https:\/\/kodulehed.ir.ee\/demo8\/wp-json\/wp\/v2\/users\/10"}],"replies":[{"embeddable":true,"href":"https:\/\/kodulehed.ir.ee\/demo8\/wp-json\/wp\/v2\/comments?post=18058"}],"version-history":[{"count":1,"href":"https:\/\/kodulehed.ir.ee\/demo8\/wp-json\/wp\/v2\/pages\/18058\/revisions"}],"predecessor-version":[{"id":18059,"href":"https:\/\/kodulehed.ir.ee\/demo8\/wp-json\/wp\/v2\/pages\/18058\/revisions\/18059"}],"wp:attachment":[{"href":"https:\/\/kodulehed.ir.ee\/demo8\/wp-json\/wp\/v2\/media?parent=18058"}],"curies":[{"name":"wp","href":"https:\/\/api.w.org\/{rel}","templated":true}]}}