{"id":64955,"date":"2025-11-28T16:52:00","date_gmt":"2025-11-28T13:52:00","guid":{"rendered":"https:\/\/kodulehed.ir.ee\/demo5\/galerii\/"},"modified":"2026-04-12T19:04:56","modified_gmt":"2026-04-12T16:04:56","slug":"galerii","status":"publish","type":"page","link":"https:\/\/kodulehed.ir.ee\/demo5\/galerii\/","title":{"rendered":"Galerii"},"content":{"rendered":"<h1 class=\"text-center\">Galerii<\/h1>\n      <p class=\"pt-3\">Siit leiate k\u00f5ik meie tehtud t\u00f6\u00f6d.<\/p><div class=\"flex-column flex-lg-row tood-page\">\n      <div class=\"container p-0\"><div class=\"row\"><div class=\"col-lg-4 col-md-6 col-sm-12 image-gallery p-3 animation\" data-category=\"\"> \n          <a title=\"\" style=\"height: 27rem; z-index: 1; position: relative;\" href=\"https:\/\/kodulehed.ir.ee\/demo5\/wp-content\/uploads\/2025\/11\/14636925_CLESO-OU_66931160_l.jpg\"  data-lightbox=\"gallery\" data-title=\" \">\n          <img decoding=\"async\" alt=\"\" title=\"\" src=\"https:\/\/kodulehed.ir.ee\/demo5\/wp-content\/uploads\/2025\/11\/14636925_CLESO-OU_66931160_l.jpg\" class=\"card-img h-100 rounded-2 \" \n          style=\"aspect-ratio: 4 \/ 3; object-fit: cover; object-position: center;\" loading=\"lazy\" \n          alt=\" \" title =\" \"><div class=\"specialImages_image-title justify-items:center align-items:center\"><p class=\"card-text\"> <\/p><\/div><\/a><\/div><div class=\"col-lg-4 col-md-6 col-sm-12 image-gallery p-3 animation\" data-category=\"\"> \n          <a title=\"\" style=\"height: 27rem; z-index: 1; position: relative;\" href=\"https:\/\/kodulehed.ir.ee\/demo5\/wp-content\/uploads\/2025\/11\/14636925_CLESO-OU_59295173_l.jpg\"  data-lightbox=\"gallery\" data-title=\" \">\n          <img decoding=\"async\" alt=\"\" title=\"\" src=\"https:\/\/kodulehed.ir.ee\/demo5\/wp-content\/uploads\/2025\/11\/14636925_CLESO-OU_59295173_l.jpg\" class=\"card-img h-100 rounded-2 \" \n          style=\"aspect-ratio: 4 \/ 3; object-fit: cover; object-position: center;\" loading=\"lazy\" \n          alt=\" \" title =\" \"><div class=\"specialImages_image-title justify-items:center align-items:center\"><p class=\"card-text\"> <\/p><\/div><\/a><\/div><div class=\"col-lg-4 col-md-6 col-sm-12 image-gallery p-3 animation\" data-category=\"\"> \n          <a title=\"\" style=\"height: 27rem; z-index: 1; position: relative;\" href=\"https:\/\/kodulehed.ir.ee\/demo5\/wp-content\/uploads\/2025\/11\/14636925_CLESO-OU_08243606_l.jpg\"  data-lightbox=\"gallery\" data-title=\" \">\n          <img decoding=\"async\" alt=\"\" title=\"\" src=\"https:\/\/kodulehed.ir.ee\/demo5\/wp-content\/uploads\/2025\/11\/14636925_CLESO-OU_08243606_l.jpg\" class=\"card-img h-100 rounded-2 \" \n          style=\"aspect-ratio: 4 \/ 3; object-fit: cover; object-position: center;\" loading=\"lazy\" \n          alt=\" \" title =\" \"><div class=\"specialImages_image-title justify-items:center align-items:center\"><p class=\"card-text\"> <\/p><\/div><\/a><\/div><div class=\"col-lg-4 col-md-6 col-sm-12 image-gallery p-3 animation\" data-category=\"\"> \n          <a title=\"\" style=\"height: 27rem; z-index: 1; position: relative;\" href=\"https:\/\/kodulehed.ir.ee\/demo5\/wp-content\/uploads\/2025\/11\/14636925_CLESO-OU_52291796_l.jpg\"  data-lightbox=\"gallery\" data-title=\" \">\n          <img decoding=\"async\" alt=\"\" title=\"\" src=\"https:\/\/kodulehed.ir.ee\/demo5\/wp-content\/uploads\/2025\/11\/14636925_CLESO-OU_52291796_l.jpg\" class=\"card-img h-100 rounded-2 \" \n          style=\"aspect-ratio: 4 \/ 3; object-fit: cover; object-position: center;\" loading=\"lazy\" \n          alt=\" \" title =\" \"><div class=\"specialImages_image-title justify-items:center align-items:center\"><p class=\"card-text\"> <\/p><\/div><\/a><\/div><div class=\"col-lg-4 col-md-6 col-sm-12 image-gallery p-3 animation\" data-category=\"\"> \n          <a title=\"\" style=\"height: 27rem; z-index: 1; position: relative;\" href=\"https:\/\/kodulehed.ir.ee\/demo5\/wp-content\/uploads\/2025\/11\/14636925_CLESO-OU_89394483_l.jpg\"  data-lightbox=\"gallery\" data-title=\" \">\n          <img decoding=\"async\" alt=\"\" title=\"\" src=\"https:\/\/kodulehed.ir.ee\/demo5\/wp-content\/uploads\/2025\/11\/14636925_CLESO-OU_89394483_l.jpg\" class=\"card-img h-100 rounded-2 \" \n          style=\"aspect-ratio: 4 \/ 3; object-fit: cover; object-position: center;\" loading=\"lazy\" \n          alt=\" \" title =\" \"><div class=\"specialImages_image-title justify-items:center align-items:center\"><p class=\"card-text\"> <\/p><\/div><\/a><\/div><div class=\"col-lg-4 col-md-6 col-sm-12 image-gallery p-3 animation\" data-category=\"\"> \n          <a title=\"\" style=\"height: 27rem; z-index: 1; position: relative;\" href=\"https:\/\/kodulehed.ir.ee\/demo5\/wp-content\/uploads\/2025\/11\/14636925_CLESO-OU_41190789_l.jpg\"  data-lightbox=\"gallery\" data-title=\" \">\n          <img decoding=\"async\" alt=\"\" title=\"\" src=\"https:\/\/kodulehed.ir.ee\/demo5\/wp-content\/uploads\/2025\/11\/14636925_CLESO-OU_41190789_l.jpg\" class=\"card-img h-100 rounded-2 \" \n          style=\"aspect-ratio: 4 \/ 3; object-fit: cover; object-position: center;\" loading=\"lazy\" \n          alt=\" \" title =\" \"><div class=\"specialImages_image-title justify-items:center align-items:center\"><p class=\"card-text\"> <\/p><\/div><\/a><\/div><div class=\"col-lg-4 col-md-6 col-sm-12 image-gallery p-3 animation\" data-category=\"\"> \n          <a title=\"\" style=\"height: 27rem; z-index: 1; position: relative;\" href=\"https:\/\/kodulehed.ir.ee\/demo5\/wp-content\/uploads\/2025\/11\/14636925_CLESO-OU_46855982_l.jpg\"  data-lightbox=\"gallery\" data-title=\" \">\n          <img decoding=\"async\" alt=\"\" title=\"\" src=\"https:\/\/kodulehed.ir.ee\/demo5\/wp-content\/uploads\/2025\/11\/14636925_CLESO-OU_46855982_l.jpg\" class=\"card-img h-100 rounded-2 \" \n          style=\"aspect-ratio: 4 \/ 3; object-fit: cover; object-position: center;\" loading=\"lazy\" \n          alt=\" \" title =\" \"><div class=\"specialImages_image-title justify-items:center align-items:center\"><p class=\"card-text\"> <\/p><\/div><\/a><\/div><div class=\"col-lg-4 col-md-6 col-sm-12 image-gallery p-3 animation\" data-category=\"\"> \n          <a title=\"\" style=\"height: 27rem; z-index: 1; position: relative;\" href=\"https:\/\/kodulehed.ir.ee\/demo5\/wp-content\/uploads\/2025\/11\/14636925_CLESO-OU_35276601_l.jpg\"  data-lightbox=\"gallery\" data-title=\" \">\n          <img decoding=\"async\" alt=\"\" title=\"\" src=\"https:\/\/kodulehed.ir.ee\/demo5\/wp-content\/uploads\/2025\/11\/14636925_CLESO-OU_35276601_l.jpg\" class=\"card-img h-100 rounded-2 \" \n          style=\"aspect-ratio: 4 \/ 3; object-fit: cover; object-position: center;\" loading=\"lazy\" \n          alt=\" \" title =\" \"><div class=\"specialImages_image-title justify-items:center align-items:center\"><p class=\"card-text\"> <\/p><\/div><\/a><\/div><div class=\"col-lg-4 col-md-6 col-sm-12 image-gallery p-3 animation\" data-category=\"\"> \n          <a title=\"\" style=\"height: 27rem; z-index: 1; position: relative;\" href=\"https:\/\/kodulehed.ir.ee\/demo5\/wp-content\/uploads\/2025\/11\/14636925_CLESO-OU_93714149_l.jpg\"  data-lightbox=\"gallery\" data-title=\" \">\n          <img decoding=\"async\" alt=\"\" title=\"\" src=\"https:\/\/kodulehed.ir.ee\/demo5\/wp-content\/uploads\/2025\/11\/14636925_CLESO-OU_93714149_l.jpg\" class=\"card-img h-100 rounded-2 \" \n          style=\"aspect-ratio: 4 \/ 3; object-fit: cover; object-position: center;\" loading=\"lazy\" \n          alt=\" \" title =\" \"><div class=\"specialImages_image-title justify-items:center align-items:center\"><p class=\"card-text\"> <\/p><\/div><\/a><\/div><\/div><\/div><\/div><a title=\"Esilehele\" href=\"https:\/\/kodulehed.ir.ee\/demo5\/\" class=\"btn btn-lg btn-plugin2\">Tagasi<\/a>\n","protected":false},"excerpt":{"rendered":"","protected":false},"author":303,"featured_media":0,"parent":0,"menu_order":0,"comment_status":"closed","ping_status":"closed","template":"","meta":{"footnotes":""},"class_list":["post-64955","page","type-page","status-publish","hentry"],"yoast_head":"<!-- This site is optimized with the Yoast SEO plugin v27.3 - https:\/\/yoast.com\/product\/yoast-seo-wordpress\/ -->\n<title>Galerii - CLESO O\u00dc<\/title>\n<meta name=\"robots\" content=\"index, follow, max-snippet:-1, max-image-preview:large, max-video-preview:-1\" \/>\n<link rel=\"canonical\" href=\"https:\/\/kodulehed.ir.ee\/demo5\/galerii\/\" \/>\n<meta property=\"og:locale\" content=\"et_EE\" \/>\n<meta property=\"og:type\" content=\"article\" \/>\n<meta property=\"og:title\" content=\"Galerii - CLESO O\u00dc\" \/>\n<meta property=\"og:url\" content=\"https:\/\/kodulehed.ir.ee\/demo5\/galerii\/\" \/>\n<meta property=\"og:site_name\" content=\"CLESO O\u00dc\" \/>\n<meta property=\"article:modified_time\" content=\"2026-04-12T16:04:56+00:00\" \/>\n<meta name=\"twitter:card\" content=\"summary_large_image\" \/>\n<script type=\"application\/ld+json\" class=\"yoast-schema-graph\">{\"@context\":\"https:\\\/\\\/schema.org\",\"@graph\":[{\"@type\":\"WebPage\",\"@id\":\"https:\\\/\\\/kodulehed.ir.ee\\\/demo5\\\/galerii\\\/\",\"url\":\"https:\\\/\\\/kodulehed.ir.ee\\\/demo5\\\/galerii\\\/\",\"name\":\"Galerii - CLESO O\u00dc\",\"isPartOf\":{\"@id\":\"https:\\\/\\\/kodulehed.ir.ee\\\/demo5\\\/#website\"},\"datePublished\":\"2025-11-28T13:52:00+00:00\",\"dateModified\":\"2026-04-12T16:04:56+00:00\",\"breadcrumb\":{\"@id\":\"https:\\\/\\\/kodulehed.ir.ee\\\/demo5\\\/galerii\\\/#breadcrumb\"},\"inLanguage\":\"et\",\"potentialAction\":[{\"@type\":\"ReadAction\",\"target\":[\"https:\\\/\\\/kodulehed.ir.ee\\\/demo5\\\/galerii\\\/\"]}]},{\"@type\":\"BreadcrumbList\",\"@id\":\"https:\\\/\\\/kodulehed.ir.ee\\\/demo5\\\/galerii\\\/#breadcrumb\",\"itemListElement\":[{\"@type\":\"ListItem\",\"position\":1,\"name\":\"Avaleht\",\"item\":\"https:\\\/\\\/kodulehed.ir.ee\\\/demo5\\\/\"},{\"@type\":\"ListItem\",\"position\":2,\"name\":\"Galerii\"}]},{\"@type\":\"WebSite\",\"@id\":\"https:\\\/\\\/kodulehed.ir.ee\\\/demo5\\\/#website\",\"url\":\"https:\\\/\\\/kodulehed.ir.ee\\\/demo5\\\/\",\"name\":\"Teema0\",\"description\":\"Ehitame kindlalt \u2013 loome kestvalt!\",\"publisher\":{\"@id\":\"https:\\\/\\\/kodulehed.ir.ee\\\/demo5\\\/#organization\"},\"potentialAction\":[{\"@type\":\"SearchAction\",\"target\":{\"@type\":\"EntryPoint\",\"urlTemplate\":\"https:\\\/\\\/kodulehed.ir.ee\\\/demo5\\\/?s={search_term_string}\"},\"query-input\":{\"@type\":\"PropertyValueSpecification\",\"valueRequired\":true,\"valueName\":\"search_term_string\"}}],\"inLanguage\":\"et\"},{\"@type\":\"Organization\",\"@id\":\"https:\\\/\\\/kodulehed.ir.ee\\\/demo5\\\/#organization\",\"name\":\"IMA O\u00dc\",\"url\":\"https:\\\/\\\/kodulehed.ir.ee\\\/demo5\\\/\",\"logo\":{\"@type\":\"ImageObject\",\"inLanguage\":\"et\",\"@id\":\"https:\\\/\\\/kodulehed.ir.ee\\\/demo5\\\/#\\\/schema\\\/logo\\\/image\\\/\",\"url\":\"https:\\\/\\\/kodulehed.ir.ee\\\/demo5\\\/wp-content\\\/uploads\\\/2025\\\/11\\\/14636925_CLESO-OU_11872081_a_m.jpeg\",\"contentUrl\":\"https:\\\/\\\/kodulehed.ir.ee\\\/demo5\\\/wp-content\\\/uploads\\\/2025\\\/11\\\/14636925_CLESO-OU_11872081_a_m.jpeg\",\"width\":146,\"height\":146,\"caption\":\"IMA O\u00dc\"},\"image\":{\"@id\":\"https:\\\/\\\/kodulehed.ir.ee\\\/demo5\\\/#\\\/schema\\\/logo\\\/image\\\/\"}}]}<\/script>\n<!-- \/ Yoast SEO plugin. -->","yoast_head_json":{"title":"Galerii - CLESO O\u00dc","robots":{"index":"index","follow":"follow","max-snippet":"max-snippet:-1","max-image-preview":"max-image-preview:large","max-video-preview":"max-video-preview:-1"},"canonical":"https:\/\/kodulehed.ir.ee\/demo5\/galerii\/","og_locale":"et_EE","og_type":"article","og_title":"Galerii - CLESO O\u00dc","og_url":"https:\/\/kodulehed.ir.ee\/demo5\/galerii\/","og_site_name":"CLESO O\u00dc","article_modified_time":"2026-04-12T16:04:56+00:00","twitter_card":"summary_large_image","schema":{"@context":"https:\/\/schema.org","@graph":[{"@type":"WebPage","@id":"https:\/\/kodulehed.ir.ee\/demo5\/galerii\/","url":"https:\/\/kodulehed.ir.ee\/demo5\/galerii\/","name":"Galerii - CLESO O\u00dc","isPartOf":{"@id":"https:\/\/kodulehed.ir.ee\/demo5\/#website"},"datePublished":"2025-11-28T13:52:00+00:00","dateModified":"2026-04-12T16:04:56+00:00","breadcrumb":{"@id":"https:\/\/kodulehed.ir.ee\/demo5\/galerii\/#breadcrumb"},"inLanguage":"et","potentialAction":[{"@type":"ReadAction","target":["https:\/\/kodulehed.ir.ee\/demo5\/galerii\/"]}]},{"@type":"BreadcrumbList","@id":"https:\/\/kodulehed.ir.ee\/demo5\/galerii\/#breadcrumb","itemListElement":[{"@type":"ListItem","position":1,"name":"Avaleht","item":"https:\/\/kodulehed.ir.ee\/demo5\/"},{"@type":"ListItem","position":2,"name":"Galerii"}]},{"@type":"WebSite","@id":"https:\/\/kodulehed.ir.ee\/demo5\/#website","url":"https:\/\/kodulehed.ir.ee\/demo5\/","name":"Teema0","description":"Ehitame kindlalt \u2013 loome kestvalt!","publisher":{"@id":"https:\/\/kodulehed.ir.ee\/demo5\/#organization"},"potentialAction":[{"@type":"SearchAction","target":{"@type":"EntryPoint","urlTemplate":"https:\/\/kodulehed.ir.ee\/demo5\/?s={search_term_string}"},"query-input":{"@type":"PropertyValueSpecification","valueRequired":true,"valueName":"search_term_string"}}],"inLanguage":"et"},{"@type":"Organization","@id":"https:\/\/kodulehed.ir.ee\/demo5\/#organization","name":"IMA O\u00dc","url":"https:\/\/kodulehed.ir.ee\/demo5\/","logo":{"@type":"ImageObject","inLanguage":"et","@id":"https:\/\/kodulehed.ir.ee\/demo5\/#\/schema\/logo\/image\/","url":"https:\/\/kodulehed.ir.ee\/demo5\/wp-content\/uploads\/2025\/11\/14636925_CLESO-OU_11872081_a_m.jpeg","contentUrl":"https:\/\/kodulehed.ir.ee\/demo5\/wp-content\/uploads\/2025\/11\/14636925_CLESO-OU_11872081_a_m.jpeg","width":146,"height":146,"caption":"IMA O\u00dc"},"image":{"@id":"https:\/\/kodulehed.ir.ee\/demo5\/#\/schema\/logo\/image\/"}}]}},"_links":{"self":[{"href":"https:\/\/kodulehed.ir.ee\/demo5\/wp-json\/wp\/v2\/pages\/64955","targetHints":{"allow":["GET"]}}],"collection":[{"href":"https:\/\/kodulehed.ir.ee\/demo5\/wp-json\/wp\/v2\/pages"}],"about":[{"href":"https:\/\/kodulehed.ir.ee\/demo5\/wp-json\/wp\/v2\/types\/page"}],"author":[{"embeddable":true,"href":"https:\/\/kodulehed.ir.ee\/demo5\/wp-json\/wp\/v2\/users\/303"}],"replies":[{"embeddable":true,"href":"https:\/\/kodulehed.ir.ee\/demo5\/wp-json\/wp\/v2\/comments?post=64955"}],"version-history":[{"count":1,"href":"https:\/\/kodulehed.ir.ee\/demo5\/wp-json\/wp\/v2\/pages\/64955\/revisions"}],"predecessor-version":[{"id":64957,"href":"https:\/\/kodulehed.ir.ee\/demo5\/wp-json\/wp\/v2\/pages\/64955\/revisions\/64957"}],"wp:attachment":[{"href":"https:\/\/kodulehed.ir.ee\/demo5\/wp-json\/wp\/v2\/media?parent=64955"}],"curies":[{"name":"wp","href":"https:\/\/api.w.org\/{rel}","templated":true}]}}